{"id":1296,"date":"2023-02-25T13:56:20","date_gmt":"2023-02-25T13:56:20","guid":{"rendered":"https:\/\/poderemonti.net\/?page_id=1296"},"modified":"2023-07-09T08:59:13","modified_gmt":"2023-07-09T08:59:13","slug":"agriturismo-casole-d-elsa-toscana","status":"publish","type":"page","link":"https:\/\/monti1824.com\/it\/agriturismo-casole-d-elsa-toscana\/","title":{"rendered":"L&#8217;Agriturismo"},"content":{"rendered":"\t\t<div data-elementor-type=\"wp-page\" data-elementor-id=\"1296\" class=\"elementor elementor-1296 elementor-421\">\n\t\t\t\t\t\t\t<div class=\"elementor-element elementor-element-7a55465 e-con-full e-con\" data-id=\"7a55465\" data-element_type=\"container\" data-settings=\"{&quot;content_width&quot;:&quot;full&quot;}\">\n\t\t\t\t<div class=\"elementor-element elementor-element-6fc059d elementor-widget elementor-widget-ucaddon_title_hero\" data-id=\"6fc059d\" data-element_type=\"widget\" data-widget_type=\"ucaddon_title_hero.default\">\n\t\t\t\t<div class=\"elementor-widget-container\">\n\t\t\t<!-- start Title Hero -->\n\t\t\t<style type=\"text\/css\">\/* widget: Title Hero *\/\n\n#uc_title_hero_elementor10628 *{\n\tbox-sizing: border-box;\n}\n#uc_title_hero_elementor10628{\n\tposition:relative;\n\toverflow:hidden;\n    display:flex;\n    justify-content:center;\n  \talign-items:center;\n    flex-direction: column;\n    background-blend-mode: normal;\n}\n\n#uc_title_hero_elementor10628 .ue_title_hero_container{\n\n    text-align:center;\n    position:relative;\n    z-index:1;\n}\n#uc_title_hero_elementor10628 .ue_title{\n\n\tdisplay:inline-block;\n}\n\n#uc_title_hero_elementor10628 a{\n    display: inline-block;\n    text-align: center;\n\ttext-decoration:none;\n}\n\n#uc_title_hero_elementor10628 .ue_title_hero_overlay\n{\n  position:absolute;\n  top:0;\n  bottom:0;\n  left:0;\n  right:0;\n}\n\n.ue_title\n{\n  font-size:52px;\n}\n\n<\/style>\n\n\t\t\t<div class=\"ue_title_hero\" id=\"uc_title_hero_elementor10628\">\n    <div class=\"ue_title_hero_overlay\"><\/div>\n    <div class=\"ue_title_hero_container\">\n      \t    \t<div class=\"ue_title\"><\/div>\n        <div><\/div>\n              \n        \t\n      \n            <\/div>\n<\/div>\n\t\t\t<!-- end Title Hero -->\t\t<\/div>\n\t\t\t\t<\/div>\n\t\t\t\t<\/div>\n\t\t<div class=\"elementor-element elementor-element-9830d97 e-con-boxed e-con\" data-id=\"9830d97\" data-element_type=\"container\" data-settings=\"{&quot;content_width&quot;:&quot;boxed&quot;}\">\n\t\t\t\t\t<div class=\"e-con-inner\">\n\t\t\t\t<div class=\"elementor-element elementor-element-b4f4a28 elementor-widget elementor-widget-text-editor\" data-id=\"b4f4a28\" data-element_type=\"widget\" data-widget_type=\"text-editor.default\">\n\t\t\t\t<div class=\"elementor-widget-container\">\n\t\t\t<style>\/*! elementor - v3.11.4 - 12-03-2023 *\/\n.elementor-widget-text-editor.elementor-drop-cap-view-stacked .elementor-drop-cap{background-color:#818a91;color:#fff}.elementor-widget-text-editor.elementor-drop-cap-view-framed .elementor-drop-cap{color:#818a91;border:3px solid;background-color:transparent}.elementor-widget-text-editor:not(.elementor-drop-cap-view-default) .elementor-drop-cap{margin-top:8px}.elementor-widget-text-editor:not(.elementor-drop-cap-view-default) .elementor-drop-cap-letter{width:1em;height:1em}.elementor-widget-text-editor .elementor-drop-cap{float:left;text-align:center;line-height:1;font-size:50px}.elementor-widget-text-editor .elementor-drop-cap-letter{display:inline-block}<\/style>\t\t\t\t<h2>\u00a0<\/h2><p><strong>Monti 1824<\/strong> \u00e8 un\u00a0<strong>agriturismo<\/strong> completamente gestito a livello familiare e con una storia bicentenaria alle spalle.\u00a0Viviamo qui da sempre e la\u00a0<strong>grande passione<\/strong> per la nostra casa e per i nostri luoghi \u00e8 sempre cresciuta nel tempo fino alla scelta del 1991 di iniziare un servizio di ospitalit\u00e0 rurale . Il nostro impegno e la cura per i particolari ha reso Monti 1824 un luogo speciale dove i nostri ospiti trascorrono degli <strong>indimenticabili momenti<\/strong> , immersi nella\u00a0<strong>natura e nella bellezza<\/strong>.<\/p><h2>\u00a0<\/h2><h2><strong>Il nostro agriturismo in Toscana<\/strong><\/h2><h2>\u00a0<\/h2><p>Monti 1824 \u00e8 <strong>completamente gestito dalla famiglia<\/strong>, ed \u00e8 nostro impegno personale e la grande cura della tenuta e dei giardini a rendere questo posto un\u00a0<strong>luogo speciale<\/strong>, non solo per noi ma anche per tutti i nostri visitatori. Io ei miei genitori lavorano insieme per mantenere al meglio il nostro podere Monti 1824 e dare ai nostri ospiti una completa assistenza durante il soggiorno. E &#8216;nostra scelta di non avere un ufficio di accoglienza. Forse hai bisogno di assistenza? o semplicemente fare una domanda?\u00a0 Ci sar\u00e0 sempre qualcuno disponibile per aiutarti.<\/p><p>Il concetto di ambiente familiare \u00e8 legato anche agli alloggi , creati per ottenere il massimo comfort dalla ristrutturazione di antichi\u00a0 edifici rurali.\u00a0Il giardino \u00e8 contenuto e ben curato&#8230;\u00a0 il tipo di posto che invita a sedersi all&#8217;aria\u00a0 aperta\u00a0 per leggere un libro, giocare o bere un buon bicchiere di vino rosso (Chianti naturalmente!).<\/p><p>La piscina panoramica del podere Monti 1824 si trova a poca distanza dagli appartamenti e dalle villette, in una posizione ideale, in modo che le risate non raggiungano il giardino e gli alloggi . Gli appartamenti e le villette sono state ristrutturate per accogliere al meglio coppie e famiglie con bambini.<\/p><p>Tutta la regione in cui si trova\u00a0 Monti 1824 si presta ad una vacanza in famiglia , specialmente quando si \u00e8 interessati alla cultura locale e alle tradizioni di questi luoghi. <strong>Casole d&#8217;elsa si trova a solo 1 km dall&#8217;agriturismo<\/strong> ed \u00e8 collegato molto bene anche da un breve percorso a piedi ,illuminato e di facile accesso.<\/p><p>Casole d&#8217;elsa \u00e8 una graziosa cittadina con un calendario sociale e di rventi eccezionalmente ricco .<\/p><p>Troverete durante tutta l&#8217;estate\u00a0 concerti, mercati, attivit\u00e0 ed eventi che vi guideranno in\u00a0 unl&#8217;<strong>atmosfera autentica.<\/strong><\/p><p>Monti 1824 affonda le sue origini nel <strong>XVIII secolo<\/strong> quando faceva parte insieme a molte altre fattorie della regione, delle propriet\u00e0 di nobili famiglie possidenti. Da Catasto Leopoldino, la sua esistenza in questa forma \u00e8 gi\u00e0 accertata a partire dal 1824.<\/p><h2>\u00a0<\/h2><p>La sua\u00a0 storia ha origini\u00a0 molto antiche\u00a0 che risalgono al XVIII secolo ai tempi delle mezzadrie. Interamente costruito a pietra,il casale\u00a0 \u00e8 circondato da un bel giardino con cipressi, alberi da frutto e\u00a0<strong>40 ettari di coltivazioni e bosco<\/strong>. Tutta la propriet\u00e0 \u00e8 stata intermente ristrutturata con grande impegno a partire dal 1991, sempre nel totale rispetto delle sue caratteristiche originali. Il nostro intento \u00e8 quello d\u00ec offrire ai nostri ospiti la\u00a0<strong>comodit\u00e0<\/strong>\u00a0un\u2019accogliente<strong>\u00a0sistemazione rurale<\/strong>\u00a0con la praticit\u00e0 della vicinanza ai bellissimi luoghi di interesse turistico e culturale della regione, per vivere un\u2019esperienza davvero indimenticabile<\/p><h2>\u00a0<\/h2><p>Monti 1824 si \u00e8 sempre rinnovata negli anni per offrire ai nostri ospiti classiche sistemazioni rurali dotate per\u00f2 di ogni comfort. E\u2019 un luogo dove si respira un\u2019atmosfera familiare, ideale per trascorrere le vostre vacanze all\u2019insegna del relax e del riposo. Il casale si compone di <strong>3 spaziosi appartamenti e 3 villette indipendenti<\/strong>. Ogni sistemazione \u00e8 dotata di\u00a0<strong>caratteristiche proprie<\/strong>\u00a0che differiscono tra loro a causa delle diverse funzioni che la fattoria destinava a ogni parte dell\u2019edificio.<\/p><p>Gli appartamenti e le villette sono stati sapientemente ristrutturati con attenzione ad ogni dettaglio e arredati con un tocco fresco ma autentico , sempre nel rispetto del classico stile rustico toscano . I nomi degli alloggi sono dedicati agli\u00a0<strong>alberi da frutto<\/strong>\u00a0che li circondano:\u00a0<strong>Mandorlo, Ciliegio, Gelso, Leccio ,Noce e Olivo<\/strong>.<\/p><p>A pochi passi dal podere si trova la piscina con una <strong>splendida vista panoramica sulle colline<\/strong>, circondata dalla natura e dai boschi.<\/p>\t\t\t\t\t\t<\/div>\n\t\t\t\t<\/div>\n\t\t\t\t\t<\/div>\n\t\t\t\t<\/div>\n\t\t<div class=\"elementor-element elementor-element-cdd370b e-con-boxed e-con\" data-id=\"cdd370b\" data-element_type=\"container\" data-settings=\"{&quot;content_width&quot;:&quot;boxed&quot;}\">\n\t\t\t\t\t<div class=\"e-con-inner\">\n\t\t\t\t<div class=\"elementor-element elementor-element-4f6583e elementor-widget elementor-widget-ucaddon_post_grid\" data-id=\"4f6583e\" data-element_type=\"widget\" data-widget_type=\"ucaddon_post_grid.default\">\n\t\t\t\t<div class=\"elementor-widget-container\">\n\t\t\t<!-- start Post Grid -->\n\t\t<link id='font-awesome-css' href='https:\/\/monti1824.com\/wp-content\/plugins\/unlimited-elements-for-elementor-premium\/assets_libraries\/font-awesome5\/css\/fontawesome-all.min.css' type='text\/css' rel='stylesheet' >\n\t\t<link id='font-awesome-4-shim-css' href='https:\/\/monti1824.com\/wp-content\/plugins\/unlimited-elements-for-elementor-premium\/assets_libraries\/font-awesome5\/css\/fontawesome-v4-shims.css' type='text\/css' rel='stylesheet' >\n\n\t\t\t<style type=\"text\/css\">\/* widget: Post Grid *\/\n\n\n\n#uc_post_grid_elementor22365.uc_post_grid_style_one .uc_post_grid_style_one_wrap {\n   display:grid;\n}\n\n\n\n#uc_post_grid_elementor22365 .uc_post_grid_style_one_item\n{\n  overflow:hidden;\n  position:relative;\n}\n\n#uc_post_grid_elementor22365 .uc_post_image\n{\n  transition:0.3s;\n  position:relative;\n  overflow:hidden;\n}\n\n#uc_post_grid_elementor22365 .uc_post_image img\n{\n  width:100%;\n  display:block;\n  transition:0.3s;\n}\n\n\n\t\n\n\n\n\n\n\n#uc_post_grid_elementor22365 .uc_post_image_overlay\n{\n  position:absolute;\n  top:0px;\n  left:0px;\n  height:100%;\n  width:100%;\n  transition:0.3s;\n}\n\n#uc_post_grid_elementor22365 .uc_more_btn{\n\n  display:inline-block;\n  text-align:center;\n  text-decoration:none;\n  transition:0.3s;\n}\n\n.ue-grid-item-category a\n{\n  display:inline-block;\n  font-size:10px;\n  \n}\n\n.uc_post_title\n{\n  font-size:21px;\n}\n\n\n#uc_post_grid_elementor22365 .ue_post_grid_item\n{\n  display:flex;\n  flex-direction:column;\n}\n\n#uc_post_grid_elementor22365.uc_post_grid_style_one .uc_content{\n flex-grow:1;\n}\n\n#uc_post_grid_elementor22365.uc_post_grid_style_one .uc_content > div\n{\n  height:100%;\n  display:flex;\n  flex-direction:column;\n}\n\n#uc_post_grid_elementor22365 .uc_post_button\n{\n  margin-top:auto;\n}\n\n\n\n\n\n\n\t#uc_post_grid_elementor22365.uc_post_grid_style_one .uc_content{\n     margin-left:20px;\n      margin-right:20px;\n      margin-top:-30px;\n      position:relative;\n    }\n\n\n\n\n\n\n\n\n\n\n\n\n\n\n\n\n\n\n#uc_post_grid_elementor22365 .ue-meta-data\n{\n  \n  display:flex;\n\n  flex-wrap: wrap;\n  line-height:1em;\n}\n\n#uc_post_grid_elementor22365 .ue-grid-item-meta-data\n{\n      display:inline-flex;\n      align-items:center;\n}\n\n#uc_post_grid_elementor22365 .ue-grid-item-meta-data a{\n  color:inherit;\n}\n\n.ue-grid-item-meta-data\n{\n  font-size:12px;\n}\n\n#uc_post_grid_elementor22365 .ue-grid-item-meta-data-icon\n{\n  line-height:1em;\n}\n\n#uc_post_grid_elementor22365 .ue-grid-item-meta-data-icon svg\n{\n  width:1em;\n  height:1em;\n}\n\n#uc_post_grid_elementor22365 .ue-debug-meta\n{\n  padding:10px;\n  border:1px solid red;\n  position:relative;\n  line-height:1.5em;\n  font-size:11px;\n  width:100%;\n}\n\n<\/style>\n\n\t\t\t<div class=\"uc_post_grid_style_one \" id=\"uc_post_grid_elementor22365\"  >\n\t\t<div class=\"uc_post_grid_style_one_wrap ue_post_grid uc-items-wrapper\">\n\t\t\t<div class=\"uc_post_grid_style_one_item ue_post_grid_item ue-item elementor-animation-grow\">\n  \n   <a class=\"uc_post_grid_style_one_image\" href=\"https:\/\/monti1824.com\/it\/agriturismo-casole-d-elsa-toscana\/eventi\/\" target=\"_self\">\n   <div class=\"uc_post_image\">\n   <img loading=\"lazy\" decoding=\"async\" src=\"https:\/\/monti1824.com\/wp-content\/uploads\/2023\/03\/siena-palio-1024x683.jpg\"  src=\"https:\/\/monti1824.com\/wp-content\/uploads\/2023\/03\/siena-palio-1024x683.jpg\" alt=\"events in tuscany\" width=\"1024\" height=\"683\">\n   <div class=\"uc_post_image_overlay\"><\/div>\n   <\/div>\n  <\/a>\n   \n <div class=\"uc_content\">\n    <div>\n      \n           \n    \n  \n      \n      \n    <div class=\"uc_post_title\"><a href=\"https:\/\/monti1824.com\/it\/agriturismo-casole-d-elsa-toscana\/eventi\/\" target=\"_self\"><div>Eventi<\/div><\/a><\/div>\t\n    \n     \n     \n          <div class=\"ue-meta-data\">\n                        \n                        \n        \n\t\t\t\n\n\n            \n                        \n                        \n                        \n                        \n            \t\t\t\n              \n            \n          <\/div>\n     \n      \n      \n      \n     <div class=\"uc_post_text\">PREASEPIVM &#8211; December Fino al: 28\/02\/2025 Praesepivm is the great outdoor show of the nativity....<\/div>    <div class=\"uc_post_button\"><a class=\"uc_more_btn \" href=\"https:\/\/monti1824.com\/it\/agriturismo-casole-d-elsa-toscana\/eventi\/\" target=\"_self\" href='https:\/\/monti1824.com\/it\/agriturismo-casole-d-elsa-toscana\/eventi\/'>Scopri di pi\u00f9<\/a><\/div> \t<\/div>\n  <\/div>\n<\/div>\n<div class=\"uc_post_grid_style_one_item ue_post_grid_item ue-item elementor-animation-grow\">\n  \n   <a class=\"uc_post_grid_style_one_image\" href=\"https:\/\/monti1824.com\/it\/agriturismo-casole-d-elsa-toscana\/storia-podere-monti\/\" target=\"_self\">\n   <div class=\"uc_post_image\">\n   <img loading=\"lazy\" decoding=\"async\" src=\"https:\/\/monti1824.com\/wp-content\/uploads\/2023\/03\/casole_aerea.jpg\"  src=\"https:\/\/monti1824.com\/wp-content\/uploads\/2023\/03\/casole_aerea.jpg\" alt=\"casole_aerea\" width=\"750\" height=\"695\">\n   <div class=\"uc_post_image_overlay\"><\/div>\n   <\/div>\n  <\/a>\n   \n <div class=\"uc_content\">\n    <div>\n      \n           \n    \n  \n      \n      \n    <div class=\"uc_post_title\"><a href=\"https:\/\/monti1824.com\/it\/agriturismo-casole-d-elsa-toscana\/storia-podere-monti\/\" target=\"_self\"><div>Passato e Presente, la nostra Storia<\/div><\/a><\/div>\t\n    \n     \n     \n          <div class=\"ue-meta-data\">\n                        \n                        \n        \n\t\t\t\n\n\n            \n                        \n                        \n                        \n                        \n            \t\t\t\n              \n            \n          <\/div>\n     \n      \n      \n      \n     <div class=\"uc_post_text\">Monti 1824 affonda le sue origini nel\u00a0XVIII secolo\u00a0quando faceva parte, insieme a molte altre fattorie...<\/div>    <div class=\"uc_post_button\"><a class=\"uc_more_btn \" href=\"https:\/\/monti1824.com\/it\/agriturismo-casole-d-elsa-toscana\/storia-podere-monti\/\" target=\"_self\" href='https:\/\/monti1824.com\/it\/agriturismo-casole-d-elsa-toscana\/storia-podere-monti\/'>Scopri di pi\u00f9<\/a><\/div> \t<\/div>\n  <\/div>\n<\/div>\n\n\t\t<\/div>\n\t<\/div>\n\n\n\n  <div id=\"uc_post_grid_elementor22365_empty_message\" class=\"ue-no-posts-found\"  style=\"display:none\" >No posts found<\/div>\n\n\n\t\t\t<!-- end Post Grid -->\t\t<\/div>\n\t\t\t\t<\/div>\n\t\t\t\t\t<\/div>\n\t\t\t\t<\/div>\n\t\t\t\t\t\t\t<\/div>\n\t\t","protected":false},"excerpt":{"rendered":"<p>\u00a0 Monti 1824 \u00e8 un\u00a0agriturismo completamente gestito a livello familiare e con una storia bicentenaria alle spalle.\u00a0Viviamo qui da sempre e la\u00a0grande passione per la nostra casa e per i nostri luoghi \u00e8 sempre cresciuta nel tempo fino alla scelta del 1991 di iniziare un servizio di ospitalit\u00e0 rurale . Il nostro impegno e la [&hellip;]<\/p>\n","protected":false},"author":1,"featured_media":498,"parent":0,"menu_order":0,"comment_status":"closed","ping_status":"closed","template":"","meta":{"footnotes":""},"categories":[],"tags":[],"class_list":["post-1296","page","type-page","status-publish","has-post-thumbnail","hentry"],"acf":[],"yoast_head":"<!-- This site is optimized with the Yoast SEO plugin v21.9.1 - https:\/\/yoast.com\/wordpress\/plugins\/seo\/ -->\n<title>Casa Podere Monti Casole d&#039;Elsa, Agriturismo in Toscana<\/title>\n<meta name=\"description\" content=\"Agriturismo Casa Podere Monti offre appartamenti e villette indipendenti a Casole d&#039;Elsa, nel cuore della Toscana.\" \/>\n<meta name=\"robots\" content=\"index, follow, max-snippet:-1, max-image-preview:large, max-video-preview:-1\" \/>\n<link rel=\"canonical\" href=\"https:\/\/monti1824.com\/it\/agriturismo-casole-d-elsa-toscana\/\" \/>\n<meta property=\"og:locale\" content=\"it_IT\" \/>\n<meta property=\"og:type\" content=\"article\" \/>\n<meta property=\"og:title\" content=\"Casa Podere Monti Casole d&#039;Elsa, Agriturismo in Toscana\" \/>\n<meta property=\"og:description\" content=\"Agriturismo Casa Podere Monti offre appartamenti e villette indipendenti a Casole d&#039;Elsa, nel cuore della Toscana.\" \/>\n<meta property=\"og:url\" content=\"https:\/\/monti1824.com\/it\/agriturismo-casole-d-elsa-toscana\/\" \/>\n<meta property=\"og:site_name\" content=\"Agriturismo Monti 1824\" \/>\n<meta property=\"article:modified_time\" content=\"2023-07-09T08:59:13+00:00\" \/>\n<meta property=\"og:image\" content=\"https:\/\/monti1824.com\/wp-content\/uploads\/2023\/02\/podere-monti-gallery-12.jpg\" \/>\n\t<meta property=\"og:image:width\" content=\"1498\" \/>\n\t<meta property=\"og:image:height\" content=\"1000\" \/>\n\t<meta property=\"og:image:type\" content=\"image\/jpeg\" \/>\n<meta name=\"twitter:card\" content=\"summary_large_image\" \/>\n<meta name=\"twitter:label1\" content=\"Tempo di lettura stimato\" \/>\n\t<meta name=\"twitter:data1\" content=\"4 minuti\" \/>\n<script type=\"application\/ld+json\" class=\"yoast-schema-graph\">{\"@context\":\"https:\/\/schema.org\",\"@graph\":[{\"@type\":\"WebPage\",\"@id\":\"https:\/\/monti1824.com\/it\/agriturismo-casole-d-elsa-toscana\/\",\"url\":\"https:\/\/monti1824.com\/it\/agriturismo-casole-d-elsa-toscana\/\",\"name\":\"Casa Podere Monti Casole d'Elsa, Agriturismo in Toscana\",\"isPartOf\":{\"@id\":\"https:\/\/monti1824.com\/it\/#website\"},\"datePublished\":\"2023-02-25T13:56:20+00:00\",\"dateModified\":\"2023-07-09T08:59:13+00:00\",\"description\":\"Agriturismo Casa Podere Monti offre appartamenti e villette indipendenti a Casole d'Elsa, nel cuore della Toscana.\",\"breadcrumb\":{\"@id\":\"https:\/\/monti1824.com\/it\/agriturismo-casole-d-elsa-toscana\/#breadcrumb\"},\"inLanguage\":\"it-IT\",\"potentialAction\":[{\"@type\":\"ReadAction\",\"target\":[\"https:\/\/monti1824.com\/it\/agriturismo-casole-d-elsa-toscana\/\"]}]},{\"@type\":\"BreadcrumbList\",\"@id\":\"https:\/\/monti1824.com\/it\/agriturismo-casole-d-elsa-toscana\/#breadcrumb\",\"itemListElement\":[{\"@type\":\"ListItem\",\"position\":1,\"name\":\"Home\",\"item\":\"https:\/\/monti1824.com\/it\/\"},{\"@type\":\"ListItem\",\"position\":2,\"name\":\"L&#8217;Agriturismo\"}]},{\"@type\":\"WebSite\",\"@id\":\"https:\/\/monti1824.com\/it\/#website\",\"url\":\"https:\/\/monti1824.com\/it\/\",\"name\":\"Agriturismo Monti 1824\",\"description\":\"Casole D&#039;Elsa\",\"publisher\":{\"@id\":\"https:\/\/monti1824.com\/it\/#organization\"},\"potentialAction\":[{\"@type\":\"SearchAction\",\"target\":{\"@type\":\"EntryPoint\",\"urlTemplate\":\"https:\/\/monti1824.com\/it\/?s={search_term_string}\"},\"query-input\":\"required name=search_term_string\"}],\"inLanguage\":\"it-IT\"},{\"@type\":\"Organization\",\"@id\":\"https:\/\/monti1824.com\/it\/#organization\",\"name\":\"Agriturismo Monti 1824\",\"url\":\"https:\/\/monti1824.com\/it\/\",\"logo\":{\"@type\":\"ImageObject\",\"inLanguage\":\"it-IT\",\"@id\":\"https:\/\/monti1824.com\/it\/#\/schema\/logo\/image\/\",\"url\":\"https:\/\/monti1824.com\/wp-content\/uploads\/2023\/07\/logo-r-def.svg\",\"contentUrl\":\"https:\/\/monti1824.com\/wp-content\/uploads\/2023\/07\/logo-r-def.svg\",\"width\":305,\"height\":217,\"caption\":\"Agriturismo Monti 1824\"},\"image\":{\"@id\":\"https:\/\/monti1824.com\/it\/#\/schema\/logo\/image\/\"}}]}<\/script>\n<!-- \/ Yoast SEO plugin. -->","yoast_head_json":{"title":"Casa Podere Monti Casole d'Elsa, Agriturismo in Toscana","description":"Agriturismo Casa Podere Monti offre appartamenti e villette indipendenti a Casole d'Elsa, nel cuore della Toscana.","robots":{"index":"index","follow":"follow","max-snippet":"max-snippet:-1","max-image-preview":"max-image-preview:large","max-video-preview":"max-video-preview:-1"},"canonical":"https:\/\/monti1824.com\/it\/agriturismo-casole-d-elsa-toscana\/","og_locale":"it_IT","og_type":"article","og_title":"Casa Podere Monti Casole d'Elsa, Agriturismo in Toscana","og_description":"Agriturismo Casa Podere Monti offre appartamenti e villette indipendenti a Casole d'Elsa, nel cuore della Toscana.","og_url":"https:\/\/monti1824.com\/it\/agriturismo-casole-d-elsa-toscana\/","og_site_name":"Agriturismo Monti 1824","article_modified_time":"2023-07-09T08:59:13+00:00","og_image":[{"width":1498,"height":1000,"url":"https:\/\/monti1824.com\/wp-content\/uploads\/2023\/02\/podere-monti-gallery-12.jpg","type":"image\/jpeg"}],"twitter_card":"summary_large_image","twitter_misc":{"Tempo di lettura stimato":"4 minuti"},"schema":{"@context":"https:\/\/schema.org","@graph":[{"@type":"WebPage","@id":"https:\/\/monti1824.com\/it\/agriturismo-casole-d-elsa-toscana\/","url":"https:\/\/monti1824.com\/it\/agriturismo-casole-d-elsa-toscana\/","name":"Casa Podere Monti Casole d'Elsa, Agriturismo in Toscana","isPartOf":{"@id":"https:\/\/monti1824.com\/it\/#website"},"datePublished":"2023-02-25T13:56:20+00:00","dateModified":"2023-07-09T08:59:13+00:00","description":"Agriturismo Casa Podere Monti offre appartamenti e villette indipendenti a Casole d'Elsa, nel cuore della Toscana.","breadcrumb":{"@id":"https:\/\/monti1824.com\/it\/agriturismo-casole-d-elsa-toscana\/#breadcrumb"},"inLanguage":"it-IT","potentialAction":[{"@type":"ReadAction","target":["https:\/\/monti1824.com\/it\/agriturismo-casole-d-elsa-toscana\/"]}]},{"@type":"BreadcrumbList","@id":"https:\/\/monti1824.com\/it\/agriturismo-casole-d-elsa-toscana\/#breadcrumb","itemListElement":[{"@type":"ListItem","position":1,"name":"Home","item":"https:\/\/monti1824.com\/it\/"},{"@type":"ListItem","position":2,"name":"L&#8217;Agriturismo"}]},{"@type":"WebSite","@id":"https:\/\/monti1824.com\/it\/#website","url":"https:\/\/monti1824.com\/it\/","name":"Agriturismo Monti 1824","description":"Casole D&#039;Elsa","publisher":{"@id":"https:\/\/monti1824.com\/it\/#organization"},"potentialAction":[{"@type":"SearchAction","target":{"@type":"EntryPoint","urlTemplate":"https:\/\/monti1824.com\/it\/?s={search_term_string}"},"query-input":"required name=search_term_string"}],"inLanguage":"it-IT"},{"@type":"Organization","@id":"https:\/\/monti1824.com\/it\/#organization","name":"Agriturismo Monti 1824","url":"https:\/\/monti1824.com\/it\/","logo":{"@type":"ImageObject","inLanguage":"it-IT","@id":"https:\/\/monti1824.com\/it\/#\/schema\/logo\/image\/","url":"https:\/\/monti1824.com\/wp-content\/uploads\/2023\/07\/logo-r-def.svg","contentUrl":"https:\/\/monti1824.com\/wp-content\/uploads\/2023\/07\/logo-r-def.svg","width":305,"height":217,"caption":"Agriturismo Monti 1824"},"image":{"@id":"https:\/\/monti1824.com\/it\/#\/schema\/logo\/image\/"}}]}},"_links":{"self":[{"href":"https:\/\/monti1824.com\/it\/wp-json\/wp\/v2\/pages\/1296","targetHints":{"allow":["GET"]}}],"collection":[{"href":"https:\/\/monti1824.com\/it\/wp-json\/wp\/v2\/pages"}],"about":[{"href":"https:\/\/monti1824.com\/it\/wp-json\/wp\/v2\/types\/page"}],"author":[{"embeddable":true,"href":"https:\/\/monti1824.com\/it\/wp-json\/wp\/v2\/users\/1"}],"replies":[{"embeddable":true,"href":"https:\/\/monti1824.com\/it\/wp-json\/wp\/v2\/comments?post=1296"}],"version-history":[{"count":20,"href":"https:\/\/monti1824.com\/it\/wp-json\/wp\/v2\/pages\/1296\/revisions"}],"predecessor-version":[{"id":1973,"href":"https:\/\/monti1824.com\/it\/wp-json\/wp\/v2\/pages\/1296\/revisions\/1973"}],"wp:featuredmedia":[{"embeddable":true,"href":"https:\/\/monti1824.com\/it\/wp-json\/wp\/v2\/media\/498"}],"wp:attachment":[{"href":"https:\/\/monti1824.com\/it\/wp-json\/wp\/v2\/media?parent=1296"}],"wp:term":[{"taxonomy":"category","embeddable":true,"href":"https:\/\/monti1824.com\/it\/wp-json\/wp\/v2\/categories?post=1296"},{"taxonomy":"post_tag","embeddable":true,"href":"https:\/\/monti1824.com\/it\/wp-json\/wp\/v2\/tags?post=1296"}],"curies":[{"name":"wp","href":"https:\/\/api.w.org\/{rel}","templated":true}]}}