{"id":1298,"date":"2023-02-25T13:58:22","date_gmt":"2023-02-25T13:58:22","guid":{"rendered":"https:\/\/poderemonti.net\/?page_id=1298"},"modified":"2023-07-09T09:34:55","modified_gmt":"2023-07-09T09:34:55","slug":"storia-podere-monti","status":"publish","type":"page","link":"https:\/\/monti1824.com\/it\/agriturismo-casole-d-elsa-toscana\/storia-podere-monti\/","title":{"rendered":"Passato e Presente, la nostra Storia"},"content":{"rendered":"\t\t<div data-elementor-type=\"wp-page\" data-elementor-id=\"1298\" class=\"elementor elementor-1298 elementor-425\">\n\t\t\t\t\t\t\t<div class=\"elementor-element elementor-element-a45a8bb e-con-full e-con\" data-id=\"a45a8bb\" data-element_type=\"container\" data-settings=\"{&quot;content_width&quot;:&quot;full&quot;}\">\n\t\t\t\t<div class=\"elementor-element elementor-element-898622d elementor-widget elementor-widget-ucaddon_title_hero\" data-id=\"898622d\" data-element_type=\"widget\" data-widget_type=\"ucaddon_title_hero.default\">\n\t\t\t\t<div class=\"elementor-widget-container\">\n\t\t\t<!-- start Title Hero -->\n\t\t\t<style type=\"text\/css\">\/* widget: Title Hero *\/\n\n#uc_title_hero_elementor16645 *{\n\tbox-sizing: border-box;\n}\n#uc_title_hero_elementor16645{\n\tposition:relative;\n\toverflow:hidden;\n    display:flex;\n    justify-content:center;\n  \talign-items:center;\n    flex-direction: column;\n    background-blend-mode: normal;\n}\n\n#uc_title_hero_elementor16645 .ue_title_hero_container{\n\n    text-align:center;\n    position:relative;\n    z-index:1;\n}\n#uc_title_hero_elementor16645 .ue_title{\n\n\tdisplay:inline-block;\n}\n\n#uc_title_hero_elementor16645 a{\n    display: inline-block;\n    text-align: center;\n\ttext-decoration:none;\n}\n\n#uc_title_hero_elementor16645 .ue_title_hero_overlay\n{\n  position:absolute;\n  top:0;\n  bottom:0;\n  left:0;\n  right:0;\n}\n\n.ue_title\n{\n  font-size:52px;\n}\n\n<\/style>\n\n\t\t\t<div class=\"ue_title_hero\" id=\"uc_title_hero_elementor16645\">\n    <div class=\"ue_title_hero_overlay\"><\/div>\n    <div class=\"ue_title_hero_container\">\n      \t    \t<div class=\"ue_title\"><\/div>\n        <div><\/div>\n              \n        \t\n      \n            <\/div>\n<\/div>\n\t\t\t<!-- end Title Hero -->\t\t<\/div>\n\t\t\t\t<\/div>\n\t\t\t\t<\/div>\n\t\t\t\t<section class=\"elementor-section elementor-top-section elementor-element elementor-element-4874bc03 elementor-section-boxed elementor-section-height-default elementor-section-height-default\" data-id=\"4874bc03\" data-element_type=\"section\">\n\t\t\t\t\t\t<div class=\"elementor-container elementor-column-gap-default\">\n\t\t\t\t\t<div class=\"elementor-column elementor-col-100 elementor-top-column elementor-element elementor-element-450e9a55\" data-id=\"450e9a55\" data-element_type=\"column\">\n\t\t\t<div class=\"elementor-widget-wrap elementor-element-populated\">\n\t\t\t\t\t\t\t\t<div class=\"elementor-element elementor-element-790cdf8a elementor-widget elementor-widget-text-editor\" data-id=\"790cdf8a\" data-element_type=\"widget\" data-widget_type=\"text-editor.default\">\n\t\t\t\t<div class=\"elementor-widget-container\">\n\t\t\t<style>\/*! elementor - v3.11.4 - 12-03-2023 *\/\n.elementor-widget-text-editor.elementor-drop-cap-view-stacked .elementor-drop-cap{background-color:#818a91;color:#fff}.elementor-widget-text-editor.elementor-drop-cap-view-framed .elementor-drop-cap{color:#818a91;border:3px solid;background-color:transparent}.elementor-widget-text-editor:not(.elementor-drop-cap-view-default) .elementor-drop-cap{margin-top:8px}.elementor-widget-text-editor:not(.elementor-drop-cap-view-default) .elementor-drop-cap-letter{width:1em;height:1em}.elementor-widget-text-editor .elementor-drop-cap{float:left;text-align:center;line-height:1;font-size:50px}.elementor-widget-text-editor .elementor-drop-cap-letter{display:inline-block}<\/style>\t\t\t\t<p>Monti 1824 affonda le sue origini nel<strong>\u00a0XVIII secolo<\/strong>\u00a0quando faceva parte, insieme a molte altre fattorie della regione, delle propriet\u00e0 di nobili famiglie possidenti della Toscana centrale.<\/p><p>Il <strong>Catasto Leopoldino<\/strong> attesta l&#8217;esistenza del podere <strong>Monti<\/strong> in questa forma gi\u00e0 nel 1824.<\/p><p>Per noi \u00e8 il risultato dell\u2019 eredit\u00e0 dei nostri nonni che amavano intensamente la Toscana e decisero di trasferirsi qui in modo permanente nel 1956. Il podere Monti 1824 a quel tempo era la <strong>fonte di sostentamento della famiglia<\/strong>\u00a0tramite la\u00a0<strong>coltivazione di cereali ,olio e vino e all\u2019allevamento<\/strong>.\u00a0<\/p><p>In origine la fattoria ospitava al piano terra le stalle per animali come mucche e cavalli, depositi di attrezzi agricoli e le cantine. Al primo piano del casale viveva la famiglia.<\/p><p>Nonostante il passare degli anni, il\u00a0<strong>desiderio di mantenere il podere al centro della vita della famiglia<\/strong>\u00a0\u00e8 cresciuto sempre di pi\u00f9. Cos\u00ec nel 1990 ha avuto inizio l\u2019opera di ristrutturazione partendo dalle stalle e poi allargandosi ai fienili e ai castri. Gli appartamenti\u00a0Mandorlo\u00a0e\u00a0Ciliegio\u00a0sono stati ricavati dalle stalle e dalle antiche cantine. L\u2019appartamento\u00a0Gelso\u00a0era parte dell\u2019abitazione padronale in quanto la famiglia a quel tempo era molto numerosa.<\/p><p>Dai due fienili sono state ricavate le villette Noce e Olivo; mentre dai castri la casetta Leccio. A pochi passi dal podere, in una posizione incantevole e immersa nella natura ,si trova la bellissima piscina, da cui si pu\u00f2 ammirare l\u2019intera propriet\u00e0 e con una vista unica sulle dolci colline toscane.\u00a0<\/p><p>E &#8216;sempre stato il nostro sogno quello di poter trasformare il podere in una splendida casa vacanze . Dopo molto tempo e lavoro, questo sogno \u00e8 diventato realt\u00e0 e tutt\u2019ora, dopo molti anni, continuiamo ad accogliere ospiti provenienti da ogni parte del mondo, sempre con la stessa passione.<\/p><p><em><strong>&#8220;Ci sentiamo orgogliosi e onorati di poter condividere con voi la bellezza di questa terra e i frutti del lavoro della nostra famiglia.&#8221;<\/strong><\/em><\/p><p><img loading=\"lazy\" decoding=\"async\" class=\"wp-image-1990 size-medium aligncenter\" src=\"https:\/\/monti1824.com\/wp-content\/uploads\/2023\/07\/catasto-leopoldino-e1688895251973-300x204.png\" alt=\"\" width=\"300\" height=\"204\" srcset=\"https:\/\/monti1824.com\/wp-content\/uploads\/2023\/07\/catasto-leopoldino-e1688895251973-300x204.png 300w, https:\/\/monti1824.com\/wp-content\/uploads\/2023\/07\/catasto-leopoldino-e1688895251973-1024x695.png 1024w, https:\/\/monti1824.com\/wp-content\/uploads\/2023\/07\/catasto-leopoldino-e1688895251973-768x521.png 768w, https:\/\/monti1824.com\/wp-content\/uploads\/2023\/07\/catasto-leopoldino-e1688895251973.png 1101w\" sizes=\"auto, (max-width: 300px) 100vw, 300px\" \/><\/p>\t\t\t\t\t\t<\/div>\n\t\t\t\t<\/div>\n\t\t\t\t\t<\/div>\n\t\t<\/div>\n\t\t\t\t\t\t\t<\/div>\n\t\t<\/section>\n\t\t<div class=\"elementor-element elementor-element-de50b99 e-con-boxed e-con\" data-id=\"de50b99\" data-element_type=\"container\" data-settings=\"{&quot;content_width&quot;:&quot;boxed&quot;}\">\n\t\t\t\t\t<div class=\"e-con-inner\">\n\t\t\t\t<div class=\"elementor-element elementor-element-c61b301 elementor-widget elementor-widget-gallery\" data-id=\"c61b301\" data-element_type=\"widget\" data-settings=\"{&quot;columns&quot;:3,&quot;lazyload&quot;:&quot;yes&quot;,&quot;gallery_layout&quot;:&quot;grid&quot;,&quot;columns_tablet&quot;:2,&quot;columns_mobile&quot;:1,&quot;gap&quot;:{&quot;unit&quot;:&quot;px&quot;,&quot;size&quot;:10,&quot;sizes&quot;:[]},&quot;gap_tablet&quot;:{&quot;unit&quot;:&quot;px&quot;,&quot;size&quot;:10,&quot;sizes&quot;:[]},&quot;gap_mobile&quot;:{&quot;unit&quot;:&quot;px&quot;,&quot;size&quot;:10,&quot;sizes&quot;:[]},&quot;link_to&quot;:&quot;file&quot;,&quot;aspect_ratio&quot;:&quot;3:2&quot;,&quot;overlay_background&quot;:&quot;yes&quot;,&quot;content_hover_animation&quot;:&quot;fade-in&quot;}\" data-widget_type=\"gallery.default\">\n\t\t\t\t<div class=\"elementor-widget-container\">\n\t\t\t<style>\/*! elementor-pro - v3.11.5 - 12-03-2023 *\/\n.elementor-gallery__container{min-height:1px}.elementor-gallery-item{position:relative;overflow:hidden;display:block;text-decoration:none;border:solid var(--image-border-width) var(--image-border-color);border-radius:var(--image-border-radius)}.elementor-gallery-item__content,.elementor-gallery-item__overlay{height:100%;width:100%;position:absolute;top:0;left:0}.elementor-gallery-item__overlay{mix-blend-mode:var(--overlay-mix-blend-mode);transition-duration:var(--overlay-transition-duration);transition-property:mix-blend-mode,transform,opacity,background-color}.elementor-gallery-item__image.e-gallery-image{transition-duration:var(--image-transition-duration);transition-property:filter,transform}.elementor-gallery-item__content{display:flex;flex-direction:column;justify-content:var(--content-justify-content,center);align-items:center;text-align:var(--content-text-align);padding:var(--content-padding)}.elementor-gallery-item__content>div{transition-duration:var(--content-transition-duration)}.elementor-gallery-item__content.elementor-gallery--sequenced-animation>div:nth-child(2){transition-delay:calc(var(--content-transition-delay) \/ 3)}.elementor-gallery-item__content.elementor-gallery--sequenced-animation>div:nth-child(3){transition-delay:calc(var(--content-transition-delay) \/ 3 * 2)}.elementor-gallery-item__content.elementor-gallery--sequenced-animation>div:nth-child(4){transition-delay:calc(var(--content-transition-delay) \/ 3 * 3)}.elementor-gallery-item__description{color:var(--description-text-color,#fff);width:100%}.elementor-gallery-item__title{color:var(--title-text-color,#fff);font-weight:700;width:100%}.elementor-gallery__titles-container{display:flex;flex-wrap:wrap;justify-content:var(--titles-container-justify-content,center);margin-bottom:20px}.elementor-gallery__titles-container:not(.e--pointer-framed) .elementor-item:after,.elementor-gallery__titles-container:not(.e--pointer-framed) .elementor-item:before{background-color:var(--galleries-pointer-bg-color-hover)}.elementor-gallery__titles-container:not(.e--pointer-framed) .elementor-item.elementor-item-active:after,.elementor-gallery__titles-container:not(.e--pointer-framed) .elementor-item.elementor-item-active:before{background-color:var(--galleries-pointer-bg-color-active)}.elementor-gallery__titles-container.e--pointer-framed .elementor-item:before{border-color:var(--galleries-pointer-bg-color-hover);border-width:var(--galleries-pointer-border-width)}.elementor-gallery__titles-container.e--pointer-framed .elementor-item:after{border-color:var(--galleries-pointer-bg-color-hover)}.elementor-gallery__titles-container.e--pointer-framed .elementor-item.elementor-item-active:after,.elementor-gallery__titles-container.e--pointer-framed .elementor-item.elementor-item-active:before{border-color:var(--galleries-pointer-bg-color-active)}.elementor-gallery__titles-container.e--pointer-framed.e--animation-draw .elementor-item:before{border-left-width:var(--galleries-pointer-border-width);border-bottom-width:var(--galleries-pointer-border-width);border-right-width:0;border-top-width:0}.elementor-gallery__titles-container.e--pointer-framed.e--animation-draw .elementor-item:after{border-left-width:0;border-bottom-width:0;border-right-width:var(--galleries-pointer-border-width);border-top-width:var(--galleries-pointer-border-width)}.elementor-gallery__titles-container.e--pointer-framed.e--animation-corners .elementor-item:before{border-left-width:var(--galleries-pointer-border-width);border-bottom-width:0;border-right-width:0;border-top-width:var(--galleries-pointer-border-width)}.elementor-gallery__titles-container.e--pointer-framed.e--animation-corners .elementor-item:after{border-left-width:0;border-bottom-width:var(--galleries-pointer-border-width);border-right-width:var(--galleries-pointer-border-width);border-top-width:0}.elementor-gallery__titles-container .e--pointer-double-line .elementor-item:after,.elementor-gallery__titles-container .e--pointer-double-line .elementor-item:before,.elementor-gallery__titles-container .e--pointer-overline .elementor-item:before,.elementor-gallery__titles-container .e--pointer-underline .elementor-item:after{height:var(--galleries-pointer-border-width)}.elementor-gallery-title{--space-between:10px;cursor:pointer;color:#6d7882;font-weight:500;position:relative;padding:7px 14px;transition:all .3s}.elementor-gallery-title--active{color:#495157}.elementor-gallery-title:not(:last-child){margin-right:var(--space-between)}.elementor-gallery-item__title+.elementor-gallery-item__description{margin-top:var(--description-margin-top)}.e-gallery-item.elementor-gallery-item{transition-property:all}.e-gallery-item.elementor-animated-content .elementor-animated-item--enter-from-bottom,.e-gallery-item.elementor-animated-content .elementor-animated-item--enter-from-left,.e-gallery-item.elementor-animated-content .elementor-animated-item--enter-from-right,.e-gallery-item.elementor-animated-content .elementor-animated-item--enter-from-top,.e-gallery-item:hover .elementor-gallery__item-overlay-bg,.e-gallery-item:hover .elementor-gallery__item-overlay-content,.e-gallery-item:hover .elementor-gallery__item-overlay-content__description,.e-gallery-item:hover .elementor-gallery__item-overlay-content__title{opacity:1}a.elementor-item.elementor-gallery-title{color:var(--galleries-title-color-normal)}a.elementor-item.elementor-gallery-title.elementor-item-active,a.elementor-item.elementor-gallery-title.highlighted,a.elementor-item.elementor-gallery-title:focus,a.elementor-item.elementor-gallery-title:hover{color:var(--galleries-title-color-hover)}a.elementor-item.elementor-gallery-title.elementor-item-active{color:var(--gallery-title-color-active)}.e-con-inner>.elementor-widget-gallery,.e-con>.elementor-widget-gallery{width:var(--container-widget-width);--flex-grow:var(--container-widget-flex-grow)}<\/style>\t\t<div class=\"elementor-gallery__container\">\n\t\t\t\t\t\t\t<a class=\"e-gallery-item elementor-gallery-item elementor-animated-content\" href=\"https:\/\/monti1824.com\/wp-content\/uploads\/2023\/02\/anni50.jpg\" data-elementor-open-lightbox=\"yes\" data-elementor-lightbox-slideshow=\"all-c61b301\" data-elementor-lightbox-title=\"anni50\" data-e-action-hash=\"#elementor-action%3Aaction%3Dlightbox%26settings%3DeyJpZCI6NDMwLCJ1cmwiOiJodHRwczpcL1wvbW9udGkxODI0LmNvbVwvd3AtY29udGVudFwvdXBsb2Fkc1wvMjAyM1wvMDJcL2Fubmk1MC5qcGciLCJzbGlkZXNob3ciOiJhbGwtYzYxYjMwMSJ9\">\n\t\t\t\t\t<div class=\"e-gallery-image elementor-gallery-item__image\" data-thumbnail=\"https:\/\/monti1824.com\/wp-content\/uploads\/2023\/02\/anni50-300x200.jpg\" data-width=\"300\" data-height=\"200\" alt=\"\" ><\/div>\n\t\t\t\t\t\t\t\t\t\t\t<div class=\"elementor-gallery-item__overlay\"><\/div>\n\t\t\t\t\t\t\t\t\t\t\t\t\t\t<\/a>\n\t\t\t\t\t\t\t<a class=\"e-gallery-item elementor-gallery-item elementor-animated-content\" href=\"https:\/\/monti1824.com\/wp-content\/uploads\/2023\/02\/podere-monti-gallery-39-scaled.jpg\" data-elementor-open-lightbox=\"yes\" data-elementor-lightbox-slideshow=\"all-c61b301\" data-elementor-lightbox-title=\"podere-monti-gallery-39\" data-e-action-hash=\"#elementor-action%3Aaction%3Dlightbox%26settings%3DeyJpZCI6NDQ0LCJ1cmwiOiJodHRwczpcL1wvbW9udGkxODI0LmNvbVwvd3AtY29udGVudFwvdXBsb2Fkc1wvMjAyM1wvMDJcL3BvZGVyZS1tb250aS1nYWxsZXJ5LTM5LXNjYWxlZC5qcGciLCJzbGlkZXNob3ciOiJhbGwtYzYxYjMwMSJ9\">\n\t\t\t\t\t<div class=\"e-gallery-image elementor-gallery-item__image\" data-thumbnail=\"https:\/\/monti1824.com\/wp-content\/uploads\/2023\/02\/podere-monti-gallery-39-300x200.jpg\" data-width=\"300\" data-height=\"200\" alt=\"about us\" ><\/div>\n\t\t\t\t\t\t\t\t\t\t\t<div class=\"elementor-gallery-item__overlay\"><\/div>\n\t\t\t\t\t\t\t\t\t\t\t\t\t\t<\/a>\n\t\t\t\t\t\t\t<a class=\"e-gallery-item elementor-gallery-item elementor-animated-content\" href=\"https:\/\/monti1824.com\/wp-content\/uploads\/2023\/02\/ambrogio.jpg\" data-elementor-open-lightbox=\"yes\" data-elementor-lightbox-slideshow=\"all-c61b301\" data-elementor-lightbox-title=\"ambrogio\" data-e-action-hash=\"#elementor-action%3Aaction%3Dlightbox%26settings%3DeyJpZCI6NDMyLCJ1cmwiOiJodHRwczpcL1wvbW9udGkxODI0LmNvbVwvd3AtY29udGVudFwvdXBsb2Fkc1wvMjAyM1wvMDJcL2FtYnJvZ2lvLmpwZyIsInNsaWRlc2hvdyI6ImFsbC1jNjFiMzAxIn0%3D\">\n\t\t\t\t\t<div class=\"e-gallery-image elementor-gallery-item__image\" data-thumbnail=\"https:\/\/monti1824.com\/wp-content\/uploads\/2023\/02\/ambrogio-300x225.jpg\" data-width=\"300\" data-height=\"225\" alt=\"\" ><\/div>\n\t\t\t\t\t\t\t\t\t\t\t<div class=\"elementor-gallery-item__overlay\"><\/div>\n\t\t\t\t\t\t\t\t\t\t\t\t\t\t<\/a>\n\t\t\t\t\t<\/div>\n\t\t\t<\/div>\n\t\t\t\t<\/div>\n\t\t\t\t\t<\/div>\n\t\t\t\t<\/div>\n\t\t\t\t\t\t\t<\/div>\n\t\t","protected":false},"excerpt":{"rendered":"<p>Monti 1824 affonda le sue origini nel\u00a0XVIII secolo\u00a0quando faceva parte, insieme a molte altre fattorie della regione, delle propriet\u00e0 di nobili famiglie possidenti della Toscana centrale. Il Catasto Leopoldino attesta l&#8217;esistenza del podere Monti in questa forma gi\u00e0 nel 1824. Per noi \u00e8 il risultato dell\u2019 eredit\u00e0 dei nostri nonni che amavano intensamente la Toscana [&hellip;]<\/p>\n","protected":false},"author":1,"featured_media":1547,"parent":1296,"menu_order":0,"comment_status":"closed","ping_status":"closed","template":"","meta":{"footnotes":""},"categories":[],"tags":[],"class_list":["post-1298","page","type-page","status-publish","has-post-thumbnail","hentry"],"acf":[],"yoast_head":"<!-- This site is optimized with the Yoast SEO plugin v21.9.1 - https:\/\/yoast.com\/wordpress\/plugins\/seo\/ -->\n<title>Agriturismo Monti 1824, Appartamenti e Cottages per vacanze in Toscana<\/title>\n<meta name=\"description\" content=\"In origine la fattoria ospitava al piano terra le stalle per animali come mucche e cavalli, depositi di attrezzi agricoli e le cantine.\" \/>\n<meta name=\"robots\" content=\"index, follow, max-snippet:-1, max-image-preview:large, max-video-preview:-1\" \/>\n<link rel=\"canonical\" href=\"https:\/\/monti1824.com\/it\/agriturismo-casole-d-elsa-toscana\/storia-podere-monti\/\" \/>\n<meta property=\"og:locale\" content=\"it_IT\" \/>\n<meta property=\"og:type\" content=\"article\" \/>\n<meta property=\"og:title\" content=\"Agriturismo Monti 1824, Appartamenti e Cottages per vacanze in Toscana\" \/>\n<meta property=\"og:description\" content=\"In origine la fattoria ospitava al piano terra le stalle per animali come mucche e cavalli, depositi di attrezzi agricoli e le cantine.\" \/>\n<meta property=\"og:url\" content=\"https:\/\/monti1824.com\/it\/agriturismo-casole-d-elsa-toscana\/storia-podere-monti\/\" \/>\n<meta property=\"og:site_name\" content=\"Agriturismo Monti 1824\" \/>\n<meta property=\"article:modified_time\" content=\"2023-07-09T09:34:55+00:00\" \/>\n<meta property=\"og:image\" content=\"https:\/\/monti1824.com\/wp-content\/uploads\/2023\/03\/casole_aerea.jpg\" \/>\n\t<meta property=\"og:image:width\" content=\"750\" \/>\n\t<meta property=\"og:image:height\" content=\"695\" \/>\n\t<meta property=\"og:image:type\" content=\"image\/jpeg\" \/>\n<meta name=\"twitter:card\" content=\"summary_large_image\" \/>\n<meta name=\"twitter:label1\" content=\"Tempo di lettura stimato\" \/>\n\t<meta name=\"twitter:data1\" content=\"2 minuti\" \/>\n<script type=\"application\/ld+json\" class=\"yoast-schema-graph\">{\"@context\":\"https:\/\/schema.org\",\"@graph\":[{\"@type\":\"WebPage\",\"@id\":\"https:\/\/monti1824.com\/it\/agriturismo-casole-d-elsa-toscana\/storia-podere-monti\/\",\"url\":\"https:\/\/monti1824.com\/it\/agriturismo-casole-d-elsa-toscana\/storia-podere-monti\/\",\"name\":\"Agriturismo Monti 1824, Appartamenti e Cottages per vacanze in Toscana\",\"isPartOf\":{\"@id\":\"https:\/\/monti1824.com\/it\/#website\"},\"datePublished\":\"2023-02-25T13:58:22+00:00\",\"dateModified\":\"2023-07-09T09:34:55+00:00\",\"description\":\"In origine la fattoria ospitava al piano terra le stalle per animali come mucche e cavalli, depositi di attrezzi agricoli e le cantine.\",\"breadcrumb\":{\"@id\":\"https:\/\/monti1824.com\/it\/agriturismo-casole-d-elsa-toscana\/storia-podere-monti\/#breadcrumb\"},\"inLanguage\":\"it-IT\",\"potentialAction\":[{\"@type\":\"ReadAction\",\"target\":[\"https:\/\/monti1824.com\/it\/agriturismo-casole-d-elsa-toscana\/storia-podere-monti\/\"]}]},{\"@type\":\"BreadcrumbList\",\"@id\":\"https:\/\/monti1824.com\/it\/agriturismo-casole-d-elsa-toscana\/storia-podere-monti\/#breadcrumb\",\"itemListElement\":[{\"@type\":\"ListItem\",\"position\":1,\"name\":\"Home\",\"item\":\"https:\/\/monti1824.com\/it\/\"},{\"@type\":\"ListItem\",\"position\":2,\"name\":\"L&#8217;Agriturismo\",\"item\":\"https:\/\/monti1824.com\/it\/agriturismo-casole-d-elsa-toscana\/\"},{\"@type\":\"ListItem\",\"position\":3,\"name\":\"Passato e Presente, la nostra Storia\"}]},{\"@type\":\"WebSite\",\"@id\":\"https:\/\/monti1824.com\/it\/#website\",\"url\":\"https:\/\/monti1824.com\/it\/\",\"name\":\"Agriturismo Monti 1824\",\"description\":\"Casole D&#039;Elsa\",\"publisher\":{\"@id\":\"https:\/\/monti1824.com\/it\/#organization\"},\"potentialAction\":[{\"@type\":\"SearchAction\",\"target\":{\"@type\":\"EntryPoint\",\"urlTemplate\":\"https:\/\/monti1824.com\/it\/?s={search_term_string}\"},\"query-input\":\"required name=search_term_string\"}],\"inLanguage\":\"it-IT\"},{\"@type\":\"Organization\",\"@id\":\"https:\/\/monti1824.com\/it\/#organization\",\"name\":\"Agriturismo Monti 1824\",\"url\":\"https:\/\/monti1824.com\/it\/\",\"logo\":{\"@type\":\"ImageObject\",\"inLanguage\":\"it-IT\",\"@id\":\"https:\/\/monti1824.com\/it\/#\/schema\/logo\/image\/\",\"url\":\"https:\/\/monti1824.com\/wp-content\/uploads\/2023\/07\/logo-r-def.svg\",\"contentUrl\":\"https:\/\/monti1824.com\/wp-content\/uploads\/2023\/07\/logo-r-def.svg\",\"width\":305,\"height\":217,\"caption\":\"Agriturismo Monti 1824\"},\"image\":{\"@id\":\"https:\/\/monti1824.com\/it\/#\/schema\/logo\/image\/\"}}]}<\/script>\n<!-- \/ Yoast SEO plugin. -->","yoast_head_json":{"title":"Agriturismo Monti 1824, Appartamenti e Cottages per vacanze in Toscana","description":"In origine la fattoria ospitava al piano terra le stalle per animali come mucche e cavalli, depositi di attrezzi agricoli e le cantine.","robots":{"index":"index","follow":"follow","max-snippet":"max-snippet:-1","max-image-preview":"max-image-preview:large","max-video-preview":"max-video-preview:-1"},"canonical":"https:\/\/monti1824.com\/it\/agriturismo-casole-d-elsa-toscana\/storia-podere-monti\/","og_locale":"it_IT","og_type":"article","og_title":"Agriturismo Monti 1824, Appartamenti e Cottages per vacanze in Toscana","og_description":"In origine la fattoria ospitava al piano terra le stalle per animali come mucche e cavalli, depositi di attrezzi agricoli e le cantine.","og_url":"https:\/\/monti1824.com\/it\/agriturismo-casole-d-elsa-toscana\/storia-podere-monti\/","og_site_name":"Agriturismo Monti 1824","article_modified_time":"2023-07-09T09:34:55+00:00","og_image":[{"width":750,"height":695,"url":"https:\/\/monti1824.com\/wp-content\/uploads\/2023\/03\/casole_aerea.jpg","type":"image\/jpeg"}],"twitter_card":"summary_large_image","twitter_misc":{"Tempo di lettura stimato":"2 minuti"},"schema":{"@context":"https:\/\/schema.org","@graph":[{"@type":"WebPage","@id":"https:\/\/monti1824.com\/it\/agriturismo-casole-d-elsa-toscana\/storia-podere-monti\/","url":"https:\/\/monti1824.com\/it\/agriturismo-casole-d-elsa-toscana\/storia-podere-monti\/","name":"Agriturismo Monti 1824, Appartamenti e Cottages per vacanze in Toscana","isPartOf":{"@id":"https:\/\/monti1824.com\/it\/#website"},"datePublished":"2023-02-25T13:58:22+00:00","dateModified":"2023-07-09T09:34:55+00:00","description":"In origine la fattoria ospitava al piano terra le stalle per animali come mucche e cavalli, depositi di attrezzi agricoli e le cantine.","breadcrumb":{"@id":"https:\/\/monti1824.com\/it\/agriturismo-casole-d-elsa-toscana\/storia-podere-monti\/#breadcrumb"},"inLanguage":"it-IT","potentialAction":[{"@type":"ReadAction","target":["https:\/\/monti1824.com\/it\/agriturismo-casole-d-elsa-toscana\/storia-podere-monti\/"]}]},{"@type":"BreadcrumbList","@id":"https:\/\/monti1824.com\/it\/agriturismo-casole-d-elsa-toscana\/storia-podere-monti\/#breadcrumb","itemListElement":[{"@type":"ListItem","position":1,"name":"Home","item":"https:\/\/monti1824.com\/it\/"},{"@type":"ListItem","position":2,"name":"L&#8217;Agriturismo","item":"https:\/\/monti1824.com\/it\/agriturismo-casole-d-elsa-toscana\/"},{"@type":"ListItem","position":3,"name":"Passato e Presente, la nostra Storia"}]},{"@type":"WebSite","@id":"https:\/\/monti1824.com\/it\/#website","url":"https:\/\/monti1824.com\/it\/","name":"Agriturismo Monti 1824","description":"Casole D&#039;Elsa","publisher":{"@id":"https:\/\/monti1824.com\/it\/#organization"},"potentialAction":[{"@type":"SearchAction","target":{"@type":"EntryPoint","urlTemplate":"https:\/\/monti1824.com\/it\/?s={search_term_string}"},"query-input":"required name=search_term_string"}],"inLanguage":"it-IT"},{"@type":"Organization","@id":"https:\/\/monti1824.com\/it\/#organization","name":"Agriturismo Monti 1824","url":"https:\/\/monti1824.com\/it\/","logo":{"@type":"ImageObject","inLanguage":"it-IT","@id":"https:\/\/monti1824.com\/it\/#\/schema\/logo\/image\/","url":"https:\/\/monti1824.com\/wp-content\/uploads\/2023\/07\/logo-r-def.svg","contentUrl":"https:\/\/monti1824.com\/wp-content\/uploads\/2023\/07\/logo-r-def.svg","width":305,"height":217,"caption":"Agriturismo Monti 1824"},"image":{"@id":"https:\/\/monti1824.com\/it\/#\/schema\/logo\/image\/"}}]}},"_links":{"self":[{"href":"https:\/\/monti1824.com\/it\/wp-json\/wp\/v2\/pages\/1298","targetHints":{"allow":["GET"]}}],"collection":[{"href":"https:\/\/monti1824.com\/it\/wp-json\/wp\/v2\/pages"}],"about":[{"href":"https:\/\/monti1824.com\/it\/wp-json\/wp\/v2\/types\/page"}],"author":[{"embeddable":true,"href":"https:\/\/monti1824.com\/it\/wp-json\/wp\/v2\/users\/1"}],"replies":[{"embeddable":true,"href":"https:\/\/monti1824.com\/it\/wp-json\/wp\/v2\/comments?post=1298"}],"version-history":[{"count":27,"href":"https:\/\/monti1824.com\/it\/wp-json\/wp\/v2\/pages\/1298\/revisions"}],"predecessor-version":[{"id":1998,"href":"https:\/\/monti1824.com\/it\/wp-json\/wp\/v2\/pages\/1298\/revisions\/1998"}],"up":[{"embeddable":true,"href":"https:\/\/monti1824.com\/it\/wp-json\/wp\/v2\/pages\/1296"}],"wp:featuredmedia":[{"embeddable":true,"href":"https:\/\/monti1824.com\/it\/wp-json\/wp\/v2\/media\/1547"}],"wp:attachment":[{"href":"https:\/\/monti1824.com\/it\/wp-json\/wp\/v2\/media?parent=1298"}],"wp:term":[{"taxonomy":"category","embeddable":true,"href":"https:\/\/monti1824.com\/it\/wp-json\/wp\/v2\/categories?post=1298"},{"taxonomy":"post_tag","embeddable":true,"href":"https:\/\/monti1824.com\/it\/wp-json\/wp\/v2\/tags?post=1298"}],"curies":[{"name":"wp","href":"https:\/\/api.w.org\/{rel}","templated":true}]}}