{"id":1314,"date":"2023-02-25T14:27:28","date_gmt":"2023-02-25T14:27:28","guid":{"rendered":"https:\/\/poderemonti.net\/?page_id=1314"},"modified":"2023-07-09T08:20:01","modified_gmt":"2023-07-09T08:20:01","slug":"dove-siamo","status":"publish","type":"page","link":"https:\/\/monti1824.com\/it\/dove-siamo\/","title":{"rendered":"Dove Siamo"},"content":{"rendered":"\t\t<div data-elementor-type=\"wp-page\" data-elementor-id=\"1314\" class=\"elementor elementor-1314 elementor-522\">\n\t\t\t\t\t\t\t<div class=\"elementor-element elementor-element-fe7c9dc e-con-full e-con\" data-id=\"fe7c9dc\" data-element_type=\"container\" data-settings=\"{&quot;content_width&quot;:&quot;full&quot;}\">\n\t\t\t\t<div class=\"elementor-element elementor-element-1875cbd elementor-widget elementor-widget-google_maps\" data-id=\"1875cbd\" data-element_type=\"widget\" data-widget_type=\"google_maps.default\">\n\t\t\t\t<div class=\"elementor-widget-container\">\n\t\t\t<style>\/*! elementor - v3.11.4 - 12-03-2023 *\/\n.elementor-widget-google_maps .elementor-widget-container{overflow:hidden}.elementor-widget-google_maps .elementor-custom-embed{line-height:0}.elementor-widget-google_maps iframe{height:300px}<\/style>\t\t<div class=\"elementor-custom-embed\">\n\t\t\t<iframe loading=\"lazy\"\n\t\t\t\t\tsrc=\"https:\/\/maps.google.com\/maps?q=Loc.%20Monti%2C%2013A%20-%20Casole%20d%27Elsa%20%28Siena%29&#038;t=m&#038;z=15&#038;output=embed&#038;iwloc=near\"\n\t\t\t\t\ttitle=\"Loc. Monti, 13A - Casole d&#039;Elsa (Siena)\"\n\t\t\t\t\taria-label=\"Loc. Monti, 13A - Casole d&#039;Elsa (Siena)\"\n\t\t\t><\/iframe>\n\t\t<\/div>\n\t\t\t\t<\/div>\n\t\t\t\t<\/div>\n\t\t\t\t<\/div>\n\t\t<div class=\"elementor-element elementor-element-d1416aa e-con-boxed e-con\" data-id=\"d1416aa\" data-element_type=\"container\" data-settings=\"{&quot;content_width&quot;:&quot;boxed&quot;}\">\n\t\t\t\t\t<div class=\"e-con-inner\">\n\t\t\t\t<div class=\"elementor-element elementor-element-15b1c90 elementor-widget elementor-widget-text-editor\" data-id=\"15b1c90\" data-element_type=\"widget\" data-widget_type=\"text-editor.default\">\n\t\t\t\t<div class=\"elementor-widget-container\">\n\t\t\t<style>\/*! elementor - v3.11.4 - 12-03-2023 *\/\n.elementor-widget-text-editor.elementor-drop-cap-view-stacked .elementor-drop-cap{background-color:#818a91;color:#fff}.elementor-widget-text-editor.elementor-drop-cap-view-framed .elementor-drop-cap{color:#818a91;border:3px solid;background-color:transparent}.elementor-widget-text-editor:not(.elementor-drop-cap-view-default) .elementor-drop-cap{margin-top:8px}.elementor-widget-text-editor:not(.elementor-drop-cap-view-default) .elementor-drop-cap-letter{width:1em;height:1em}.elementor-widget-text-editor .elementor-drop-cap{float:left;text-align:center;line-height:1;font-size:50px}.elementor-widget-text-editor .elementor-drop-cap-letter{display:inline-block}<\/style>\t\t\t\t<p><\/p>\n<p>Agriturismo Monti 1824 si trova vicino all&#8217;antico borgo di Casole d&#8217;Elsa, a circa 32 km da Siena, Firenze 64 km, San Gimignano 21 km, Volterra 23 km.<\/p>\n<p><\/p>\n<p><strong>DISTANZE DAGLI AEROPORTI PRINCIPALI:<\/strong><\/p>\n<p><\/p>\n<ul>\n<li>FIRENZE: 75 km (1 ora e 10 min)<\/li>\n<li>PISA: 82 km (1 ora e 30 min.)<\/li>\n<li>BOLOGNA: 163 km (1 ora e 55 min)<\/li>\n<li>ROMA: 280 km (3 ore)<\/li>\n<li>PERUGIA: 150 km (2 ore)<br><br><\/li>\n<\/ul>\n<p><b>Per raggiungere Agriturismo Monti 1824:<\/b><\/p>\n<p><\/p>\n<p>Da nord:<br>Percorrere l&#8217;Autostrada A1, uscire a Firenze Impruneta.Alla rotatoria seguire sempre per il raccordo Autostradale Siena-Firenze. Percorrete la Siena-Firenze per circa 30 minuti e prendere l&#8217;uscita&nbsp; all&#8217;altezza di Colle Val d&#8217;Elsa Sud. Una volta usciti, immettersi nella&nbsp; rotonda; nella rotonda prendere la seconda strada con direzione Casole d&#8217;elsa \/ Grosseto&nbsp; e proseguire a dritto;la strada si immeter\u00e0 nella SS541 e continuare a percorrere per&nbsp; circa 2.2 km; subito dopo il pnte svoltare a destra e prendere la SP74 con indicazione&nbsp; Mensanello e percorrere per circa 7.7 km; svoltare a destra per SP27 di Casole d&#8217;Elsa direzione Volterra; percorrere la strada di Cavallano e girare a sinistra per il Merlo. Dopo circa 1,2 km girate a sinistra al cartello in legno \u201cAgriturismo Monti 1824\u201d.<\/p>\n<p><\/p>\n<p>Da sud:&nbsp;<br>Prendi l&#8217;autostrada A1 fino al Raccordo Autostradale Siena-Bettolle. Prendi la SS73 al Raccordo Autostradale Firenze &#8211; Siena. Prendi l&#8217;uscita Colle Val d&#8217;Elsa Sud da Raccordo Autostradale Firenze &#8211; Siena. Una volta usciti, immettersi nella&nbsp; rotonda; nella rotonda prendere la seconda strada con direzione Casole d&#8217;elsa \/ Grosseto&nbsp; e proseguire a dritto;la strada si immeter\u00e0 nella SS541 e continuare a percorrere per&nbsp; circa 2.2 km; subito dopo il pnte svoltare a destra e prendere la SP74 con indicazione&nbsp; Mensanello e percorrere per circa 7.7 km; svoltare a destra per SP27 di Casole d&#8217;Elsa direzione Volterra; percorrere la strada di Cavallano e girare a sinistra per il Merlo. Dopo circa 1,2 km girate a sinistra al cartello in legno \u201cAgriturismo Monti 1824\u201d.<\/p>\n<p><\/p>\n<p><strong>Coordinate:<\/strong><\/p>\n<p><\/p>\n<p>Latitudine: 43.347848 | Longitudine: 11.033344<\/p>\n<p><\/p>\n<p>Consigliamo ai nostri ospiti che si avvalgono di un sistema di navigazione satellitare di usare come destinazione finale Casole d&#8217;elsa. Solo una volta arrivati a Casole d&#8217;elsa , riprogrammare l&#8217;indirizzo del nostro casale oppure seguire le nostre istruzioni,il casale si trova a solo 1 km dal paese. Questo perch\u00e8 non sempre i navigatori riescono ad indivuare un luogo esatto nella campagna. Raccomandiamo infine di programmare il vostro viaggio in modo che l&#8217;arrivo avvenga durante le ore diurne proprio perch\u00e8 pu\u00f2 diventare pi\u00f9 difficile orientarsi nell&#8217;oscurit\u00e0 della campagna.<\/p>\n<p><\/p>\n<p>Comunque per qualsiasi difficolt\u00e0 potete sempre contattarci al numero : <a href=\"http:\/\/tel+393665084794\"><b>+39 366 5084794<\/b><\/a><\/p>\t\t\t\t\t\t<\/div>\n\t\t\t\t<\/div>\n\t\t\t\t\t<\/div>\n\t\t\t\t<\/div>\n\t\t\t\t\t\t\t<\/div>\n\t\t","protected":false},"excerpt":{"rendered":"<p>Il podere Monti 1824 si trova vicino all&#8217;antico borgo medioevale di Casole d&#8217;Elsa, a circa 32 km da Siena, Firenze 64 km, San Gimignano 21 km, Volterra 23 km nel cuore della Val d&#8217;elsa e a pochi km dal Chianti. DISTANZE DAGLI AEROPORTI PRINCIPALI: FIRENZE: 75 km (1 ora e 10 min) PISA: 82 km [&hellip;]<\/p>\n","protected":false},"author":1,"featured_media":496,"parent":0,"menu_order":0,"comment_status":"closed","ping_status":"closed","template":"","meta":{"footnotes":""},"categories":[],"tags":[],"class_list":["post-1314","page","type-page","status-publish","has-post-thumbnail","hentry"],"acf":[],"yoast_head":"<!-- This site is optimized with the Yoast SEO plugin v21.9.1 - https:\/\/yoast.com\/wordpress\/plugins\/seo\/ -->\n<title>Casa Podere Monti Casole d&#039;Elsa, Siena, Come raggiungerci<\/title>\n<meta name=\"description\" content=\"Casa Vacanze Podere Monti si trova vicino all&#039;antico borgo di Casole d&#039;Elsa, a circa 32 km da Siena, Firenze 64 km, San Gimignano 21 km, Volterra 23 km.\" \/>\n<meta name=\"robots\" content=\"index, follow, max-snippet:-1, max-image-preview:large, max-video-preview:-1\" \/>\n<link rel=\"canonical\" href=\"https:\/\/monti1824.com\/it\/dove-siamo\/\" \/>\n<meta property=\"og:locale\" content=\"it_IT\" \/>\n<meta property=\"og:type\" content=\"article\" \/>\n<meta property=\"og:title\" content=\"Casa Podere Monti Casole d&#039;Elsa, Siena, Come raggiungerci\" \/>\n<meta property=\"og:description\" content=\"Casa Vacanze Podere Monti si trova vicino all&#039;antico borgo di Casole d&#039;Elsa, a circa 32 km da Siena, Firenze 64 km, San Gimignano 21 km, Volterra 23 km.\" \/>\n<meta property=\"og:url\" content=\"https:\/\/monti1824.com\/it\/dove-siamo\/\" \/>\n<meta property=\"og:site_name\" content=\"Agriturismo Monti 1824\" \/>\n<meta property=\"article:modified_time\" content=\"2023-07-09T08:20:01+00:00\" \/>\n<meta property=\"og:image\" content=\"https:\/\/monti1824.com\/wp-content\/uploads\/2023\/02\/podere-monti-gallery-13.jpg\" \/>\n\t<meta property=\"og:image:width\" content=\"1498\" \/>\n\t<meta property=\"og:image:height\" content=\"1000\" \/>\n\t<meta property=\"og:image:type\" content=\"image\/jpeg\" \/>\n<meta name=\"twitter:card\" content=\"summary_large_image\" \/>\n<meta name=\"twitter:label1\" content=\"Tempo di lettura stimato\" \/>\n\t<meta name=\"twitter:data1\" content=\"2 minuti\" \/>\n<script type=\"application\/ld+json\" class=\"yoast-schema-graph\">{\"@context\":\"https:\/\/schema.org\",\"@graph\":[{\"@type\":\"WebPage\",\"@id\":\"https:\/\/monti1824.com\/it\/dove-siamo\/\",\"url\":\"https:\/\/monti1824.com\/it\/dove-siamo\/\",\"name\":\"Casa Podere Monti Casole d'Elsa, Siena, Come raggiungerci\",\"isPartOf\":{\"@id\":\"https:\/\/monti1824.com\/it\/#website\"},\"datePublished\":\"2023-02-25T14:27:28+00:00\",\"dateModified\":\"2023-07-09T08:20:01+00:00\",\"description\":\"Casa Vacanze Podere Monti si trova vicino all'antico borgo di Casole d'Elsa, a circa 32 km da Siena, Firenze 64 km, San Gimignano 21 km, Volterra 23 km.\",\"breadcrumb\":{\"@id\":\"https:\/\/monti1824.com\/it\/dove-siamo\/#breadcrumb\"},\"inLanguage\":\"it-IT\",\"potentialAction\":[{\"@type\":\"ReadAction\",\"target\":[\"https:\/\/monti1824.com\/it\/dove-siamo\/\"]}]},{\"@type\":\"BreadcrumbList\",\"@id\":\"https:\/\/monti1824.com\/it\/dove-siamo\/#breadcrumb\",\"itemListElement\":[{\"@type\":\"ListItem\",\"position\":1,\"name\":\"Home\",\"item\":\"https:\/\/monti1824.com\/it\/\"},{\"@type\":\"ListItem\",\"position\":2,\"name\":\"Dove Siamo\"}]},{\"@type\":\"WebSite\",\"@id\":\"https:\/\/monti1824.com\/it\/#website\",\"url\":\"https:\/\/monti1824.com\/it\/\",\"name\":\"Agriturismo Monti 1824\",\"description\":\"Casole D&#039;Elsa\",\"publisher\":{\"@id\":\"https:\/\/monti1824.com\/it\/#organization\"},\"potentialAction\":[{\"@type\":\"SearchAction\",\"target\":{\"@type\":\"EntryPoint\",\"urlTemplate\":\"https:\/\/monti1824.com\/it\/?s={search_term_string}\"},\"query-input\":\"required name=search_term_string\"}],\"inLanguage\":\"it-IT\"},{\"@type\":\"Organization\",\"@id\":\"https:\/\/monti1824.com\/it\/#organization\",\"name\":\"Agriturismo Monti 1824\",\"url\":\"https:\/\/monti1824.com\/it\/\",\"logo\":{\"@type\":\"ImageObject\",\"inLanguage\":\"it-IT\",\"@id\":\"https:\/\/monti1824.com\/it\/#\/schema\/logo\/image\/\",\"url\":\"https:\/\/monti1824.com\/wp-content\/uploads\/2023\/07\/logo-r-def.svg\",\"contentUrl\":\"https:\/\/monti1824.com\/wp-content\/uploads\/2023\/07\/logo-r-def.svg\",\"width\":305,\"height\":217,\"caption\":\"Agriturismo Monti 1824\"},\"image\":{\"@id\":\"https:\/\/monti1824.com\/it\/#\/schema\/logo\/image\/\"}}]}<\/script>\n<!-- \/ Yoast SEO plugin. -->","yoast_head_json":{"title":"Casa Podere Monti Casole d'Elsa, Siena, Come raggiungerci","description":"Casa Vacanze Podere Monti si trova vicino all'antico borgo di Casole d'Elsa, a circa 32 km da Siena, Firenze 64 km, San Gimignano 21 km, Volterra 23 km.","robots":{"index":"index","follow":"follow","max-snippet":"max-snippet:-1","max-image-preview":"max-image-preview:large","max-video-preview":"max-video-preview:-1"},"canonical":"https:\/\/monti1824.com\/it\/dove-siamo\/","og_locale":"it_IT","og_type":"article","og_title":"Casa Podere Monti Casole d'Elsa, Siena, Come raggiungerci","og_description":"Casa Vacanze Podere Monti si trova vicino all'antico borgo di Casole d'Elsa, a circa 32 km da Siena, Firenze 64 km, San Gimignano 21 km, Volterra 23 km.","og_url":"https:\/\/monti1824.com\/it\/dove-siamo\/","og_site_name":"Agriturismo Monti 1824","article_modified_time":"2023-07-09T08:20:01+00:00","og_image":[{"width":1498,"height":1000,"url":"https:\/\/monti1824.com\/wp-content\/uploads\/2023\/02\/podere-monti-gallery-13.jpg","type":"image\/jpeg"}],"twitter_card":"summary_large_image","twitter_misc":{"Tempo di lettura stimato":"2 minuti"},"schema":{"@context":"https:\/\/schema.org","@graph":[{"@type":"WebPage","@id":"https:\/\/monti1824.com\/it\/dove-siamo\/","url":"https:\/\/monti1824.com\/it\/dove-siamo\/","name":"Casa Podere Monti Casole d'Elsa, Siena, Come raggiungerci","isPartOf":{"@id":"https:\/\/monti1824.com\/it\/#website"},"datePublished":"2023-02-25T14:27:28+00:00","dateModified":"2023-07-09T08:20:01+00:00","description":"Casa Vacanze Podere Monti si trova vicino all'antico borgo di Casole d'Elsa, a circa 32 km da Siena, Firenze 64 km, San Gimignano 21 km, Volterra 23 km.","breadcrumb":{"@id":"https:\/\/monti1824.com\/it\/dove-siamo\/#breadcrumb"},"inLanguage":"it-IT","potentialAction":[{"@type":"ReadAction","target":["https:\/\/monti1824.com\/it\/dove-siamo\/"]}]},{"@type":"BreadcrumbList","@id":"https:\/\/monti1824.com\/it\/dove-siamo\/#breadcrumb","itemListElement":[{"@type":"ListItem","position":1,"name":"Home","item":"https:\/\/monti1824.com\/it\/"},{"@type":"ListItem","position":2,"name":"Dove Siamo"}]},{"@type":"WebSite","@id":"https:\/\/monti1824.com\/it\/#website","url":"https:\/\/monti1824.com\/it\/","name":"Agriturismo Monti 1824","description":"Casole D&#039;Elsa","publisher":{"@id":"https:\/\/monti1824.com\/it\/#organization"},"potentialAction":[{"@type":"SearchAction","target":{"@type":"EntryPoint","urlTemplate":"https:\/\/monti1824.com\/it\/?s={search_term_string}"},"query-input":"required name=search_term_string"}],"inLanguage":"it-IT"},{"@type":"Organization","@id":"https:\/\/monti1824.com\/it\/#organization","name":"Agriturismo Monti 1824","url":"https:\/\/monti1824.com\/it\/","logo":{"@type":"ImageObject","inLanguage":"it-IT","@id":"https:\/\/monti1824.com\/it\/#\/schema\/logo\/image\/","url":"https:\/\/monti1824.com\/wp-content\/uploads\/2023\/07\/logo-r-def.svg","contentUrl":"https:\/\/monti1824.com\/wp-content\/uploads\/2023\/07\/logo-r-def.svg","width":305,"height":217,"caption":"Agriturismo Monti 1824"},"image":{"@id":"https:\/\/monti1824.com\/it\/#\/schema\/logo\/image\/"}}]}},"_links":{"self":[{"href":"https:\/\/monti1824.com\/it\/wp-json\/wp\/v2\/pages\/1314","targetHints":{"allow":["GET"]}}],"collection":[{"href":"https:\/\/monti1824.com\/it\/wp-json\/wp\/v2\/pages"}],"about":[{"href":"https:\/\/monti1824.com\/it\/wp-json\/wp\/v2\/types\/page"}],"author":[{"embeddable":true,"href":"https:\/\/monti1824.com\/it\/wp-json\/wp\/v2\/users\/1"}],"replies":[{"embeddable":true,"href":"https:\/\/monti1824.com\/it\/wp-json\/wp\/v2\/comments?post=1314"}],"version-history":[{"count":11,"href":"https:\/\/monti1824.com\/it\/wp-json\/wp\/v2\/pages\/1314\/revisions"}],"predecessor-version":[{"id":1939,"href":"https:\/\/monti1824.com\/it\/wp-json\/wp\/v2\/pages\/1314\/revisions\/1939"}],"wp:featuredmedia":[{"embeddable":true,"href":"https:\/\/monti1824.com\/it\/wp-json\/wp\/v2\/media\/496"}],"wp:attachment":[{"href":"https:\/\/monti1824.com\/it\/wp-json\/wp\/v2\/media?parent=1314"}],"wp:term":[{"taxonomy":"category","embeddable":true,"href":"https:\/\/monti1824.com\/it\/wp-json\/wp\/v2\/categories?post=1314"},{"taxonomy":"post_tag","embeddable":true,"href":"https:\/\/monti1824.com\/it\/wp-json\/wp\/v2\/tags?post=1314"}],"curies":[{"name":"wp","href":"https:\/\/api.w.org\/{rel}","templated":true}]}}