{"id":1563,"date":"2023-03-28T09:00:09","date_gmt":"2023-03-28T09:00:09","guid":{"rendered":"https:\/\/poderemonti.net\/?page_id=1563"},"modified":"2025-12-19T08:58:42","modified_gmt":"2025-12-19T08:58:42","slug":"termini-e-condizioni","status":"publish","type":"page","link":"https:\/\/monti1824.com\/it\/termini-e-condizioni\/","title":{"rendered":"Termini e Condizioni"},"content":{"rendered":"\t\t<div data-elementor-type=\"wp-page\" data-elementor-id=\"1563\" class=\"elementor elementor-1563 elementor-1562\">\n\t\t\t\t\t\t\t<div class=\"elementor-element elementor-element-a45a8bb e-con-full e-con\" data-id=\"a45a8bb\" data-element_type=\"container\" data-settings=\"{&quot;content_width&quot;:&quot;full&quot;}\">\n\t\t\t\t<div class=\"elementor-element elementor-element-898622d elementor-widget elementor-widget-ucaddon_title_hero\" data-id=\"898622d\" data-element_type=\"widget\" data-widget_type=\"ucaddon_title_hero.default\">\n\t\t\t\t<div class=\"elementor-widget-container\">\n\t\t\t<!-- start Title Hero -->\n\t\t\t<style type=\"text\/css\">\/* widget: Title Hero *\/\n\n#uc_title_hero_elementor14466 *{\n\tbox-sizing: border-box;\n}\n#uc_title_hero_elementor14466{\n\tposition:relative;\n\toverflow:hidden;\n    display:flex;\n    justify-content:center;\n  \talign-items:center;\n    flex-direction: column;\n    background-blend-mode: normal;\n}\n\n#uc_title_hero_elementor14466 .ue_title_hero_container{\n\n    text-align:center;\n    position:relative;\n    z-index:1;\n}\n#uc_title_hero_elementor14466 .ue_title{\n\n\tdisplay:inline-block;\n}\n\n#uc_title_hero_elementor14466 a{\n    display: inline-block;\n    text-align: center;\n\ttext-decoration:none;\n}\n\n#uc_title_hero_elementor14466 .ue_title_hero_overlay\n{\n  position:absolute;\n  top:0;\n  bottom:0;\n  left:0;\n  right:0;\n}\n\n.ue_title\n{\n  font-size:52px;\n}\n\n<\/style>\n\n\t\t\t<div class=\"ue_title_hero\" id=\"uc_title_hero_elementor14466\">\n    <div class=\"ue_title_hero_overlay\"><\/div>\n    <div class=\"ue_title_hero_container\">\n      \t    \t<div class=\"ue_title\"><\/div>\n        <div><\/div>\n              \n        \t\n      \n            <\/div>\n<\/div>\n\t\t\t<!-- end Title Hero -->\t\t<\/div>\n\t\t\t\t<\/div>\n\t\t\t\t<\/div>\n\t\t\t\t<section class=\"elementor-section elementor-top-section elementor-element elementor-element-4874bc03 elementor-section-boxed elementor-section-height-default elementor-section-height-default\" data-id=\"4874bc03\" data-element_type=\"section\">\n\t\t\t\t\t\t<div class=\"elementor-container elementor-column-gap-default\">\n\t\t\t\t\t<div class=\"elementor-column elementor-col-100 elementor-top-column elementor-element elementor-element-450e9a55\" data-id=\"450e9a55\" data-element_type=\"column\">\n\t\t\t<div class=\"elementor-widget-wrap elementor-element-populated\">\n\t\t\t\t\t\t\t\t<div class=\"elementor-element elementor-element-790cdf8a elementor-widget elementor-widget-text-editor\" data-id=\"790cdf8a\" data-element_type=\"widget\" data-widget_type=\"text-editor.default\">\n\t\t\t\t<div class=\"elementor-widget-container\">\n\t\t\t<style>\/*! elementor - v3.11.4 - 12-03-2023 *\/\n.elementor-widget-text-editor.elementor-drop-cap-view-stacked .elementor-drop-cap{background-color:#818a91;color:#fff}.elementor-widget-text-editor.elementor-drop-cap-view-framed .elementor-drop-cap{color:#818a91;border:3px solid;background-color:transparent}.elementor-widget-text-editor:not(.elementor-drop-cap-view-default) .elementor-drop-cap{margin-top:8px}.elementor-widget-text-editor:not(.elementor-drop-cap-view-default) .elementor-drop-cap-letter{width:1em;height:1em}.elementor-widget-text-editor .elementor-drop-cap{float:left;text-align:center;line-height:1;font-size:50px}.elementor-widget-text-editor .elementor-drop-cap-letter{display:inline-block}<\/style>\t\t\t\t<p><strong><span style=\"color: var( --e-global-color-text ); font-family: var( --e-global-typography-text-font-family ), Sans-serif; font-size: var( --e-global-typography-text-font-size );\">\u00a0POLITICA E TERMINI DI CANCELLAZIONE 2026<\/span><\/strong><\/p><p>Gli ospiti avranno la possibilit\u00e0 di scegliere tra la tariffa standard e la tariffa non rimborsabile.<\/p><p>TARIFFA STANDARD: \u00e8 la nostra politica standard secondo la quale il vacanziere che cancella almeno 15 giorni prima del check-in ricever\u00e0 indietro il 100% dell&#8217;importo versato, esclusa la commissione di gestione del servizio pari al 3% del totale.<\/p><p>Al momento della prenotazione verr\u00e0 addebitato l&#8217;intero importo a titolo di conferma.<\/p><p>No show, arrivi posticipati o partenze anticipate equivalgono ad una penale del 100%.<\/p><p>In caso di cancellazione verr\u00e0 SEMPRE trattenuta dal rimborso una percentuale pari al 3% dell&#8217;importo totale a copertura delle spese di gestione. I rimborsi avverranno esclusivamente tramite bonifico bancario.<\/p><p>TARIFFA NON RIMBORSABILE: questa opzione d\u00e0 la possibilit\u00e0 di prenotare ad un prezzo ridotto rispetto a quello standard ( almeno il 10%).<\/p><p>Il pagamento verr\u00e0 effettuato in 1 soluzione al completamento della prenotazione e non \u00e8 previsto alcun rimborso.<\/p><p>MODIFICA DELLA PRENOTAZIONE<\/p><p>LE MODIFICHE ALLA PRENOTAZIONE (DATE E ALLOGGIO) POSSONO COMPORTARE UN COSTO PARI AL 30% DEL TOTALE DELLA PRENOTAZIONE. OFFERTE E PROMOZIONI CREATE DOPO LA DATA DI PRENOTAZIONE NON POSSONO ESSERE APPLICATE.<\/p><p>CHECK-IN E CHECK-OUT<\/p><p>Check-in garantito non prima delle ore 16:00 e fino alle ore 18:00.*<\/p><p>Check out entro le ore 9:00.<\/p><p>Come previsto dalle leggi nazionali italiane, gli ospiti vengono riconosciuti di persona al momento del check-in. Per questo motivo non verranno accettati check-in negli orari in cui il personale non pu\u00f2 effettuare tale riconoscimento.<\/p><p>*L&#8217;orario di check in inizia non prima delle ore 16.00. \u00c8 per garantire la migliore preparazione e pulizia della vostra casa vacanza.<\/p><p>Dopo le ore 20:00 il check-in sar\u00e0 posticipato al mattino successivo tra le ore 9:00 e le ore 10:00.<\/p><p><strong>DEPOSITO CAUZIONALE<\/strong><\/p><p>Richiesta cauzione all&#8217;arrivo :300 euro. La cauzione pu\u00f2 essere versata in contanti o garantita con carta di credito. Al momento del check out verr\u00e0 totalmente rimborsato in assenza di danni. In caso di garanzia con carta, il rimborso pu\u00f2 richiedere alcuni giorni<\/p><p>I<strong>NCLUSO NEL PREZZO:<\/strong><\/p><p>Asciugamani e biancheria. Sar\u00e0 previsto il cambio degli asciugamani e della biancheria una volta a settimana.<\/p><p>Acqua, gas, elettricit\u00e0.<\/p><p>Connessione Wi-Fi &#8211; solo su alcune aree esterne (zona giardino e piscina)<\/p><p>Postazione in piscina con ombrelloni, sdraio, lettini.<\/p><p><strong>COSTI FACOLTATIVI NON INCLUSI NEL PREZZO:<\/strong><\/p><p>RISCALDAMENTO (a consumo): 1,90 euro l&#8217;ora \u2013 All&#8217;interno dell&#8217;appartamento \u00e8 presente un termostato con conta-ore per consentire agli ospiti di utilizzarlo quando preferiscono. DA PAGARE IN LOCO A FINE SOGGIORNO.<\/p><p>CAMBIO EXTRA DI LENZUOLA E ASCIUGAMANI: 16 euro a persona \u2013 DA PAGARE IN LOCO<\/p><p>LAVATRICE: 5 euro\/lavaggio \u2013 DA PAGARE IN LOCO<\/p><p>TELI PISCINA: 5 euro\/cad. I teli piscina non sono inclusi nel set asciugamani, quindi devono essere prenotati prima della data di arrivo. Se gli asciugamani per la piscina non vengono prenotati in anticipo non possiamo garantire di fornirli.<\/p><p>CULLA incluso set lenzuola e asciugamani: 45 euro a soggiorno. se non prenotato al momento della prenotazione non ne garantiamo la disponibilit\u00e0.<\/p><p>SEGGIOLONE: seggiolone imbottito 18 euro a soggiorno. seggiolone non imbottito 15 euro a soggiorno. se non prenotato al momento della prenotazione non ne garantiamo la disponibilit\u00e0.<\/p><p>ARIA CONDIZIONATA dal 1 giugno al 15 settembre inclusa. Si prega di notare che in altri periodi dell&#8217;anno non viene calcolato nel canone di locazione ma pagato extra in loco con un costo di 40 Euro al giorno \/ 280 Euro a settimana.<br \/>L&#8217;aria condizionata \u00e8 solo nelle 2 camere da letto con 2 macchine separate (solo fresca).<\/p><p><strong>COSTI AGGIUNTIVI OBBLIGATORI:<\/strong><\/p><p>TASSA DI SOGGIORNO: La tassa di soggiorno verr\u00e0 richiesta in contanti all&#8217;arrivo ed \u00e8 obbligatoria per tutti gli ospiti a partire dai 12 anni. Costi:<\/p><p>2,50 Euro\/notte per persona a partire dai 12 anni<\/p><p>PREGO NOTARE.<\/p><p>Il cambio della biancheria da bagno e da letto avviene una volta alla settimana e la pulizia della propriet\u00e0 avviene alla partenza.<\/p><p>Il costo dell&#8217;affitto non comprende la pulizia durante il soggiorno degli ospiti (esempio: se rimani due settimane, troverai la propriet\u00e0 immacolata al tuo arrivo, ma non verr\u00e0 pulita una seconda volta alla fine della prima settimana). Naturalmente, se necessario, verr\u00e0 effettuata la seconda pulizia con un supplemento di \u20ac 50,00 ed in quel secondo caso provvederemo personalmente al cambio della biancheria da letto.<\/p><p>L&#8217;uso della piscina \u00e8 incluso ed \u00e8 aperta dal 1 aprile al 30 ottobre e dalle 8.00 alle 19.30.<\/p><p>La connessione wi-fi copre solo le aree esterne del giardino e della piscina e non all&#8217;interno degli alloggi. Velocit\u00e0 non molto stabile e sconsigliata agli smartworker.<\/p><p><strong>CONDIZIONI GENERALI<\/strong><\/p><p>\u2022 Sar\u00e0 considerato definitivo il numero di persone dichiarato prima della data di arrivo. Ulteriori persone non precedentemente dichiarate verranno respinte. Non sono ammessi visitatori.<\/p><p>\u2022 Non sono ammessi animali.\u00a0<\/p><ul><li><strong>E&#8217; VIETATO INTRODURRE ALL&#8217;INTERNO DELLA PROPRIET\u00c0 MONTI 1824 PERSONE CHE NON ALLOGGIANO REGOLARMENTE PRESSO IL NOSTRO AGRITURISMO. \u00c8 INOLTRE VIETATO INTRODURRE ALL&#8217;USO DELLA PISCINA E DI ALTRE ATTREZZATURE DA PARTE DI PERSONE CHE NON SONO OSPITI ABITANTI DELL&#8217;AGRITURISMO MONTI 1824.<\/strong><\/li><\/ul>\t\t\t\t\t\t<\/div>\n\t\t\t\t<\/div>\n\t\t\t\t\t<\/div>\n\t\t<\/div>\n\t\t\t\t\t\t\t<\/div>\n\t\t<\/section>\n\t\t\t\t\t\t\t<\/div>\n\t\t","protected":false},"excerpt":{"rendered":"<p>\u00a0POLITICA E TERMINI DI CANCELLAZIONE 2026 Gli ospiti avranno la possibilit\u00e0 di scegliere tra la tariffa standard e la tariffa non rimborsabile. TARIFFA STANDARD: \u00e8 la nostra politica standard secondo la quale il vacanziere che cancella almeno 15 giorni prima del check-in ricever\u00e0 indietro il 100% dell&#8217;importo versato, esclusa la commissione di gestione del servizio [&hellip;]<\/p>\n","protected":false},"author":1,"featured_media":2425,"parent":0,"menu_order":0,"comment_status":"closed","ping_status":"closed","template":"","meta":{"footnotes":""},"categories":[],"tags":[],"class_list":["post-1563","page","type-page","status-publish","has-post-thumbnail","hentry"],"acf":[],"yoast_head":"<!-- This site is optimized with the Yoast SEO plugin v21.9.1 - https:\/\/yoast.com\/wordpress\/plugins\/seo\/ -->\n<title>Agriturismo Monti 1824, Termini e Condizioni<\/title>\n<meta name=\"description\" content=\"Termini e Condizioni di prenotazione per la vostra vacanza in Toscana all&#039;Agriturismo Monti 1824.\" \/>\n<meta name=\"robots\" content=\"index, follow, max-snippet:-1, max-image-preview:large, max-video-preview:-1\" \/>\n<link rel=\"canonical\" href=\"https:\/\/monti1824.com\/it\/termini-e-condizioni\/\" \/>\n<meta property=\"og:locale\" content=\"it_IT\" \/>\n<meta property=\"og:type\" content=\"article\" \/>\n<meta property=\"og:title\" content=\"Agriturismo Monti 1824, Termini e Condizioni\" \/>\n<meta property=\"og:description\" content=\"Termini e Condizioni di prenotazione per la vostra vacanza in Toscana all&#039;Agriturismo Monti 1824.\" \/>\n<meta property=\"og:url\" content=\"https:\/\/monti1824.com\/it\/termini-e-condizioni\/\" \/>\n<meta property=\"og:site_name\" content=\"Agriturismo Monti 1824\" \/>\n<meta property=\"article:modified_time\" content=\"2025-12-19T08:58:42+00:00\" \/>\n<meta property=\"og:image\" content=\"https:\/\/monti1824.com\/wp-content\/uploads\/2024\/01\/heathers-5.jpg\" \/>\n\t<meta property=\"og:image:width\" content=\"1920\" \/>\n\t<meta property=\"og:image:height\" content=\"1080\" \/>\n\t<meta property=\"og:image:type\" content=\"image\/jpeg\" \/>\n<meta name=\"twitter:card\" content=\"summary_large_image\" \/>\n<meta name=\"twitter:label1\" content=\"Tempo di lettura stimato\" \/>\n\t<meta name=\"twitter:data1\" content=\"4 minuti\" \/>\n<script type=\"application\/ld+json\" class=\"yoast-schema-graph\">{\"@context\":\"https:\/\/schema.org\",\"@graph\":[{\"@type\":\"WebPage\",\"@id\":\"https:\/\/monti1824.com\/it\/termini-e-condizioni\/\",\"url\":\"https:\/\/monti1824.com\/it\/termini-e-condizioni\/\",\"name\":\"Agriturismo Monti 1824, Termini e Condizioni\",\"isPartOf\":{\"@id\":\"https:\/\/monti1824.com\/it\/#website\"},\"datePublished\":\"2023-03-28T09:00:09+00:00\",\"dateModified\":\"2025-12-19T08:58:42+00:00\",\"description\":\"Termini e Condizioni di prenotazione per la vostra vacanza in Toscana all'Agriturismo Monti 1824.\",\"breadcrumb\":{\"@id\":\"https:\/\/monti1824.com\/it\/termini-e-condizioni\/#breadcrumb\"},\"inLanguage\":\"it-IT\",\"potentialAction\":[{\"@type\":\"ReadAction\",\"target\":[\"https:\/\/monti1824.com\/it\/termini-e-condizioni\/\"]}]},{\"@type\":\"BreadcrumbList\",\"@id\":\"https:\/\/monti1824.com\/it\/termini-e-condizioni\/#breadcrumb\",\"itemListElement\":[{\"@type\":\"ListItem\",\"position\":1,\"name\":\"Home\",\"item\":\"https:\/\/monti1824.com\/it\/\"},{\"@type\":\"ListItem\",\"position\":2,\"name\":\"Termini e Condizioni\"}]},{\"@type\":\"WebSite\",\"@id\":\"https:\/\/monti1824.com\/it\/#website\",\"url\":\"https:\/\/monti1824.com\/it\/\",\"name\":\"Agriturismo Monti 1824\",\"description\":\"Casole D&#039;Elsa\",\"publisher\":{\"@id\":\"https:\/\/monti1824.com\/it\/#organization\"},\"potentialAction\":[{\"@type\":\"SearchAction\",\"target\":{\"@type\":\"EntryPoint\",\"urlTemplate\":\"https:\/\/monti1824.com\/it\/?s={search_term_string}\"},\"query-input\":\"required name=search_term_string\"}],\"inLanguage\":\"it-IT\"},{\"@type\":\"Organization\",\"@id\":\"https:\/\/monti1824.com\/it\/#organization\",\"name\":\"Agriturismo Monti 1824\",\"url\":\"https:\/\/monti1824.com\/it\/\",\"logo\":{\"@type\":\"ImageObject\",\"inLanguage\":\"it-IT\",\"@id\":\"https:\/\/monti1824.com\/it\/#\/schema\/logo\/image\/\",\"url\":\"https:\/\/monti1824.com\/wp-content\/uploads\/2023\/07\/logo-r-def.svg\",\"contentUrl\":\"https:\/\/monti1824.com\/wp-content\/uploads\/2023\/07\/logo-r-def.svg\",\"width\":305,\"height\":217,\"caption\":\"Agriturismo Monti 1824\"},\"image\":{\"@id\":\"https:\/\/monti1824.com\/it\/#\/schema\/logo\/image\/\"}}]}<\/script>\n<!-- \/ Yoast SEO plugin. -->","yoast_head_json":{"title":"Agriturismo Monti 1824, Termini e Condizioni","description":"Termini e Condizioni di prenotazione per la vostra vacanza in Toscana all'Agriturismo Monti 1824.","robots":{"index":"index","follow":"follow","max-snippet":"max-snippet:-1","max-image-preview":"max-image-preview:large","max-video-preview":"max-video-preview:-1"},"canonical":"https:\/\/monti1824.com\/it\/termini-e-condizioni\/","og_locale":"it_IT","og_type":"article","og_title":"Agriturismo Monti 1824, Termini e Condizioni","og_description":"Termini e Condizioni di prenotazione per la vostra vacanza in Toscana all'Agriturismo Monti 1824.","og_url":"https:\/\/monti1824.com\/it\/termini-e-condizioni\/","og_site_name":"Agriturismo Monti 1824","article_modified_time":"2025-12-19T08:58:42+00:00","og_image":[{"width":1920,"height":1080,"url":"https:\/\/monti1824.com\/wp-content\/uploads\/2024\/01\/heathers-5.jpg","type":"image\/jpeg"}],"twitter_card":"summary_large_image","twitter_misc":{"Tempo di lettura stimato":"4 minuti"},"schema":{"@context":"https:\/\/schema.org","@graph":[{"@type":"WebPage","@id":"https:\/\/monti1824.com\/it\/termini-e-condizioni\/","url":"https:\/\/monti1824.com\/it\/termini-e-condizioni\/","name":"Agriturismo Monti 1824, Termini e Condizioni","isPartOf":{"@id":"https:\/\/monti1824.com\/it\/#website"},"datePublished":"2023-03-28T09:00:09+00:00","dateModified":"2025-12-19T08:58:42+00:00","description":"Termini e Condizioni di prenotazione per la vostra vacanza in Toscana all'Agriturismo Monti 1824.","breadcrumb":{"@id":"https:\/\/monti1824.com\/it\/termini-e-condizioni\/#breadcrumb"},"inLanguage":"it-IT","potentialAction":[{"@type":"ReadAction","target":["https:\/\/monti1824.com\/it\/termini-e-condizioni\/"]}]},{"@type":"BreadcrumbList","@id":"https:\/\/monti1824.com\/it\/termini-e-condizioni\/#breadcrumb","itemListElement":[{"@type":"ListItem","position":1,"name":"Home","item":"https:\/\/monti1824.com\/it\/"},{"@type":"ListItem","position":2,"name":"Termini e Condizioni"}]},{"@type":"WebSite","@id":"https:\/\/monti1824.com\/it\/#website","url":"https:\/\/monti1824.com\/it\/","name":"Agriturismo Monti 1824","description":"Casole D&#039;Elsa","publisher":{"@id":"https:\/\/monti1824.com\/it\/#organization"},"potentialAction":[{"@type":"SearchAction","target":{"@type":"EntryPoint","urlTemplate":"https:\/\/monti1824.com\/it\/?s={search_term_string}"},"query-input":"required name=search_term_string"}],"inLanguage":"it-IT"},{"@type":"Organization","@id":"https:\/\/monti1824.com\/it\/#organization","name":"Agriturismo Monti 1824","url":"https:\/\/monti1824.com\/it\/","logo":{"@type":"ImageObject","inLanguage":"it-IT","@id":"https:\/\/monti1824.com\/it\/#\/schema\/logo\/image\/","url":"https:\/\/monti1824.com\/wp-content\/uploads\/2023\/07\/logo-r-def.svg","contentUrl":"https:\/\/monti1824.com\/wp-content\/uploads\/2023\/07\/logo-r-def.svg","width":305,"height":217,"caption":"Agriturismo Monti 1824"},"image":{"@id":"https:\/\/monti1824.com\/it\/#\/schema\/logo\/image\/"}}]}},"_links":{"self":[{"href":"https:\/\/monti1824.com\/it\/wp-json\/wp\/v2\/pages\/1563","targetHints":{"allow":["GET"]}}],"collection":[{"href":"https:\/\/monti1824.com\/it\/wp-json\/wp\/v2\/pages"}],"about":[{"href":"https:\/\/monti1824.com\/it\/wp-json\/wp\/v2\/types\/page"}],"author":[{"embeddable":true,"href":"https:\/\/monti1824.com\/it\/wp-json\/wp\/v2\/users\/1"}],"replies":[{"embeddable":true,"href":"https:\/\/monti1824.com\/it\/wp-json\/wp\/v2\/comments?post=1563"}],"version-history":[{"count":50,"href":"https:\/\/monti1824.com\/it\/wp-json\/wp\/v2\/pages\/1563\/revisions"}],"predecessor-version":[{"id":2893,"href":"https:\/\/monti1824.com\/it\/wp-json\/wp\/v2\/pages\/1563\/revisions\/2893"}],"wp:featuredmedia":[{"embeddable":true,"href":"https:\/\/monti1824.com\/it\/wp-json\/wp\/v2\/media\/2425"}],"wp:attachment":[{"href":"https:\/\/monti1824.com\/it\/wp-json\/wp\/v2\/media?parent=1563"}],"wp:term":[{"taxonomy":"category","embeddable":true,"href":"https:\/\/monti1824.com\/it\/wp-json\/wp\/v2\/categories?post=1563"},{"taxonomy":"post_tag","embeddable":true,"href":"https:\/\/monti1824.com\/it\/wp-json\/wp\/v2\/tags?post=1563"}],"curies":[{"name":"wp","href":"https:\/\/api.w.org\/{rel}","templated":true}]}}